{"id":2456,"date":"2022-11-14T14:12:46","date_gmt":"2022-11-14T13:12:46","guid":{"rendered":"https:\/\/wibi-workwear.com\/?page_id=2456"},"modified":"2023-01-19T10:04:14","modified_gmt":"2023-01-19T09:04:14","slug":"leckereien","status":"publish","type":"page","link":"https:\/\/wasteless-group.com\/de\/leckereien\/","title":{"rendered":"Leckereien"},"content":{"rendered":"\t\t<div data-elementor-type=\"wp-page\" data-elementor-id=\"2456\" class=\"elementor elementor-2456\">\n\t\t\t\t\t\t<section class=\"elementor-section elementor-top-section elementor-element elementor-element-69acc6e4 elementor-section-boxed elementor-section-height-default elementor-section-height-default\" data-id=\"69acc6e4\" data-element_type=\"section\">\n\t\t\t\t\t\t<div class=\"elementor-container elementor-column-gap-default\">\n\t\t\t\t\t<div class=\"elementor-column elementor-col-100 elementor-top-column elementor-element elementor-element-325c1369\" data-id=\"325c1369\" data-element_type=\"column\">\n\t\t\t<div class=\"elementor-widget-wrap elementor-element-populated\">\n\t\t\t\t\t\t<div class=\"elementor-element elementor-element-6904549d elementor-widget elementor-widget-text-editor\" data-id=\"6904549d\" data-element_type=\"widget\" data-widget_type=\"text-editor.default\">\n\t\t\t\t<div class=\"elementor-widget-container\">\n\t\t\t\t\t\t\t\t\t\n<div id=\"wp-block-themeisle-blocks-advanced-columns-14d8c28f\" class=\"wp-block-themeisle-blocks-advanced-columns has-0-columns has-desktop-undefined-layout has-tablet-equal-layout has-mobile-equal-layout has-vertical-unset\"><div class=\"wp-block-themeisle-blocks-advanced-columns-overlay\"><\/div><div class=\"innerblocks-wrap\"><\/div><\/div>\n\t\t\t\t\t\t\t\t<\/div>\n\t\t\t\t<\/div>\n\t\t\t\t\t<\/div>\n\t\t<\/div>\n\t\t\t\t\t<\/div>\n\t\t<\/section>\n\t\t\t\t<section class=\"elementor-section elementor-top-section elementor-element elementor-element-c6bdeca elementor-section-boxed elementor-section-height-default elementor-section-height-default\" data-id=\"c6bdeca\" data-element_type=\"section\">\n\t\t\t\t\t\t<div class=\"elementor-container elementor-column-gap-default\">\n\t\t\t\t\t<div class=\"elementor-column elementor-col-100 elementor-top-column elementor-element elementor-element-0c2bb45\" data-id=\"0c2bb45\" data-element_type=\"column\">\n\t\t\t<div class=\"elementor-widget-wrap elementor-element-populated\">\n\t\t\t\t\t\t<div class=\"elementor-element elementor-element-bbfdb31 elementor-widget elementor-widget-heading\" data-id=\"bbfdb31\" data-element_type=\"widget\" data-widget_type=\"heading.default\">\n\t\t\t\t<div class=\"elementor-widget-container\">\n\t\t\t\t\t<h2 class=\"elementor-heading-title elementor-size-default\">Haben Sie ein Eventprojekt oder ein Merchandising -Bed\u00fcrfnis? Suchen Sie ein n\u00fctzliches und \u00f6ko-verantwortungsloses Geschenk f\u00fcr Ihre Kunden?<\/h2>\t\t\t\t<\/div>\n\t\t\t\t<\/div>\n\t\t\t\t<div class=\"elementor-element elementor-element-9bbeb02 elementor-widget elementor-widget-text-editor\" data-id=\"9bbeb02\" data-element_type=\"widget\" data-widget_type=\"text-editor.default\">\n\t\t\t\t<div class=\"elementor-widget-container\">\n\t\t\t\t\t\t\t\t\t<p><span style=\"font-size: 16px;\">Wir greifen auf die Beschaffung verschiedener Produktkategorien ein: Nullabfall, Nomadismus oder Leckereien (K\u00fcrbis, Schreibwaren, High -Tech usw.). Wir werden Sie beraten, um auf den nach \u00d6ko verantwortungslosen Ansatz abzuzielen, der zu Ihnen passt.<\/span><\/p>\t\t\t\t\t\t\t\t<\/div>\n\t\t\t\t<\/div>\n\t\t\t\t<div class=\"elementor-element elementor-element-98e9c3a elementor-arrows-position-inside elementor-pagination-position-outside elementor-widget elementor-widget-image-carousel\" data-id=\"98e9c3a\" data-element_type=\"widget\" data-settings=\"{&quot;navigation&quot;:&quot;both&quot;,&quot;autoplay&quot;:&quot;yes&quot;,&quot;pause_on_hover&quot;:&quot;yes&quot;,&quot;pause_on_interaction&quot;:&quot;yes&quot;,&quot;autoplay_speed&quot;:5000,&quot;infinite&quot;:&quot;yes&quot;,&quot;speed&quot;:500}\" data-widget_type=\"image-carousel.default\">\n\t\t\t\t<div class=\"elementor-widget-container\">\n\t\t\t\t\t\t\t<div class=\"elementor-image-carousel-wrapper swiper\" role=\"region\" aria-roledescription=\"carousel\" aria-label=\"Bild Karussell\" dir=\"ltr\">\n\t\t\t<div class=\"elementor-image-carousel swiper-wrapper\" aria-live=\"off\">\n\t\t\t\t\t\t\t\t<div class=\"swiper-slide\" role=\"group\" aria-roledescription=\"slide\" aria-label=\"1 of 3\"><figure class=\"swiper-slide-inner\"><img decoding=\"async\" class=\"swiper-slide-image lazyload\" data-src=\"https:\/\/wasteless-group.com\/wp-content\/uploads\/elementor\/thumbs\/lifestyle-4-qdb7cdvvzpyh8t7g1l5lou9fkqv1kx2i1h6wkdhdvs.png\" alt=\"Wasteless Group objets publicitaires goodies sur mesure \u00e9co-responsables \u00e9cologiques pub lifestyle couverts nomadisme z\u00e9ro d\u00e9chet gourde bloc notes carnet gobelet\" src=\"data:image\/svg+xml;base64,PHN2ZyB3aWR0aD0iMSIgaGVpZ2h0PSIxIiB4bWxucz0iaHR0cDovL3d3dy53My5vcmcvMjAwMC9zdmciPjwvc3ZnPg==\" style=\"--smush-placeholder-width: 1000px; --smush-placeholder-aspect-ratio: 1000\/500;\" \/><\/figure><\/div><div class=\"swiper-slide\" role=\"group\" aria-roledescription=\"slide\" aria-label=\"2 of 3\"><figure class=\"swiper-slide-inner\"><img decoding=\"async\" class=\"swiper-slide-image lazyload\" data-src=\"https:\/\/wasteless-group.com\/wp-content\/uploads\/elementor\/thumbs\/lifestyle-qdb7crzgu8hs2ymyr99088pchixjsdmh3ez6riwhag.png\" alt=\"Wasteless Group objets publicitaires goodies sur mesure \u00e9co-responsables \u00e9cologiques pub lifestyle couverts nomadisme z\u00e9ro d\u00e9chet gourde bloc notes carnet gobelet\" src=\"data:image\/svg+xml;base64,PHN2ZyB3aWR0aD0iMSIgaGVpZ2h0PSIxIiB4bWxucz0iaHR0cDovL3d3dy53My5vcmcvMjAwMC9zdmciPjwvc3ZnPg==\" style=\"--smush-placeholder-width: 1000px; --smush-placeholder-aspect-ratio: 1000\/500;\" \/><\/figure><\/div><div class=\"swiper-slide\" role=\"group\" aria-roledescription=\"slide\" aria-label=\"3 of 3\"><figure class=\"swiper-slide-inner\"><img decoding=\"async\" class=\"swiper-slide-image lazyload\" data-src=\"https:\/\/wasteless-group.com\/wp-content\/uploads\/elementor\/thumbs\/Sans-titre-2-1-qdb7d0g0jqtczgaoduwncokhtzrupnk24kuk30jxqg.png\" alt=\"Wasteless Group objets publicitaires goodies sur mesure \u00e9co-responsables \u00e9cologiques pub lifestyle couverts nomadisme z\u00e9ro d\u00e9chet gourde bloc notes carnet gobelet\" src=\"data:image\/svg+xml;base64,PHN2ZyB3aWR0aD0iMSIgaGVpZ2h0PSIxIiB4bWxucz0iaHR0cDovL3d3dy53My5vcmcvMjAwMC9zdmciPjwvc3ZnPg==\" style=\"--smush-placeholder-width: 1000px; --smush-placeholder-aspect-ratio: 1000\/500;\" \/><\/figure><\/div>\t\t\t<\/div>\n\t\t\t\t\t\t\t\t\t\t\t\t<div class=\"elementor-swiper-button elementor-swiper-button-prev\" role=\"button\" tabindex=\"0\">\n\t\t\t\t\t\t<i aria-hidden=\"true\" class=\"eicon-chevron-left\"><\/i>\t\t\t\t\t<\/div>\n\t\t\t\t\t<div class=\"elementor-swiper-button elementor-swiper-button-next\" role=\"button\" tabindex=\"0\">\n\t\t\t\t\t\t<i aria-hidden=\"true\" class=\"eicon-chevron-right\"><\/i>\t\t\t\t\t<\/div>\n\t\t\t\t\n\t\t\t\t\t\t\t\t\t<div class=\"swiper-pagination\"><\/div>\n\t\t\t\t\t\t\t\t\t<\/div>\n\t\t\t\t\t\t<\/div>\n\t\t\t\t<\/div>\n\t\t\t\t<div class=\"elementor-element elementor-element-463968c elementor-align-center elementor-widget elementor-widget-button\" data-id=\"463968c\" data-element_type=\"widget\" data-widget_type=\"button.default\">\n\t\t\t\t<div class=\"elementor-widget-container\">\n\t\t\t\t\t\t\t\t\t<div class=\"elementor-button-wrapper\">\n\t\t\t\t\t<a class=\"elementor-button elementor-button-link elementor-size-md\" href=\"#\">\n\t\t\t\t\t\t<span class=\"elementor-button-content-wrapper\">\n\t\t\t\t\t\t\t\t\t<span class=\"elementor-button-text\">Kontaktiere uns<\/span>\n\t\t\t\t\t<\/span>\n\t\t\t\t\t<\/a>\n\t\t\t\t<\/div>\n\t\t\t\t\t\t\t\t<\/div>\n\t\t\t\t<\/div>\n\t\t\t\t\t<\/div>\n\t\t<\/div>\n\t\t\t\t\t<\/div>\n\t\t<\/section>\n\t\t\t\t<\/div>\n\t\t","protected":false},"excerpt":{"rendered":"<p>Haben Sie ein Eventprojekt oder ein Merchandising -Bed\u00fcrfnis? Suchen Sie ein n\u00fctzliches und \u00f6ko-verantwortungsloses Geschenk f\u00fcr Ihre Kunden? Wir greifen auf die Beschaffung verschiedener Produktkategorien ein: Nullabfall, Nomadismus oder Leckereien (K\u00fcrbis, Schreibwaren, High -Tech usw.). Wir werden Sie beraten, um auf den nach \u00d6ko verantwortungslosen Ansatz abzuzielen, der zu Ihnen passt. Pr\u00e9c\u00e9dent Suivant Kontaktiere uns<\/p>\n","protected":false},"author":1,"featured_media":0,"parent":0,"menu_order":0,"comment_status":"closed","ping_status":"closed","template":"","meta":{"site-sidebar-layout":"default","site-content-layout":"","ast-site-content-layout":"","site-content-style":"default","site-sidebar-style":"default","ast-global-header-display":"","ast-banner-title-visibility":"","ast-main-header-display":"","ast-hfb-above-header-display":"","ast-hfb-below-header-display":"","ast-hfb-mobile-header-display":"","site-post-title":"disabled","ast-breadcrumbs-content":"","ast-featured-img":"disabled","footer-sml-layout":"","theme-transparent-header-meta":"","adv-header-id-meta":"","stick-header-meta":"","header-above-stick-meta":"","header-main-stick-meta":"","header-below-stick-meta":"","astra-migrate-meta-layouts":"","footnotes":""},"class_list":["post-2456","page","type-page","status-publish","hentry"],"yoast_head":"<!-- This site is optimized with the Yoast SEO plugin v26.6 - https:\/\/yoast.com\/wordpress\/plugins\/seo\/ -->\n<title>Ihr Hersteller von \u00f6kologischeren personalisierten Leckereien<\/title>\n<meta name=\"description\" content=\"Suchen Sie umweltbewusste Werbeartikel, um Ihre Werte zu vermitteln? Wir erstellen sie f\u00fcr Sie, kontaktieren Sie uns!\" \/>\n<meta name=\"robots\" content=\"index, follow, max-snippet:-1, max-image-preview:large, max-video-preview:-1\" \/>\n<link rel=\"canonical\" href=\"https:\/\/wasteless-group.com\/de\/leckereien\/\" \/>\n<meta property=\"og:locale\" content=\"de_DE\" \/>\n<meta property=\"og:type\" content=\"article\" \/>\n<meta property=\"og:title\" content=\"Ihr Hersteller von \u00f6kologischeren personalisierten Leckereien\" \/>\n<meta property=\"og:description\" content=\"Suchen Sie umweltbewusste Werbeartikel, um Ihre Werte zu vermitteln? Wir erstellen sie f\u00fcr Sie, kontaktieren Sie uns!\" \/>\n<meta property=\"og:url\" content=\"https:\/\/wasteless-group.com\/de\/leckereien\/\" \/>\n<meta property=\"og:site_name\" content=\"Wasteless Group, votre fabricant et fournisseur de produits sur mesure plus \u00e9cologiques\" \/>\n<meta property=\"article:modified_time\" content=\"2023-01-19T09:04:14+00:00\" \/>\n<meta property=\"og:image\" content=\"https:\/\/wasteless-group.com\/wp-content\/uploads\/2022\/12\/set-couverts.png\" \/>\n\t<meta property=\"og:image:width\" content=\"1080\" \/>\n\t<meta property=\"og:image:height\" content=\"1080\" \/>\n\t<meta property=\"og:image:type\" content=\"image\/png\" \/>\n<meta name=\"twitter:card\" content=\"summary_large_image\" \/>\n<meta name=\"twitter:label1\" content=\"Gesch\u00e4tzte Lesezeit\" \/>\n\t<meta name=\"twitter:data1\" content=\"1 Minute\" \/>\n<script type=\"application\/ld+json\" class=\"yoast-schema-graph\">{\"@context\":\"https:\/\/schema.org\",\"@graph\":[{\"@type\":\"WebPage\",\"@id\":\"https:\/\/wasteless-group.com\/de\/leckereien\/\",\"url\":\"https:\/\/wasteless-group.com\/de\/leckereien\/\",\"name\":\"Ihr Hersteller von \u00f6kologischeren personalisierten Leckereien\",\"isPartOf\":{\"@id\":\"https:\/\/wasteless-group.com\/de\/#website\"},\"primaryImageOfPage\":{\"@id\":\"https:\/\/wasteless-group.com\/de\/leckereien\/#primaryimage\"},\"image\":{\"@id\":\"https:\/\/wasteless-group.com\/de\/leckereien\/#primaryimage\"},\"thumbnailUrl\":\"https:\/\/wibi-workwear.com\/wp-content\/uploads\/elementor\/thumbs\/lifestyle-4-pxr28zubv86mfqhfkka6a4jwvxfi2w4q3arvw1wps8.png\",\"datePublished\":\"2022-11-14T13:12:46+00:00\",\"dateModified\":\"2023-01-19T09:04:14+00:00\",\"description\":\"Suchen Sie umweltbewusste Werbeartikel, um Ihre Werte zu vermitteln? Wir erstellen sie f\u00fcr Sie, kontaktieren Sie uns!\",\"breadcrumb\":{\"@id\":\"https:\/\/wasteless-group.com\/de\/leckereien\/#breadcrumb\"},\"inLanguage\":\"de-DE\",\"potentialAction\":[{\"@type\":\"ReadAction\",\"target\":[\"https:\/\/wasteless-group.com\/de\/leckereien\/\"]}]},{\"@type\":\"ImageObject\",\"inLanguage\":\"de-DE\",\"@id\":\"https:\/\/wasteless-group.com\/de\/leckereien\/#primaryimage\",\"url\":\"https:\/\/wibi-workwear.com\/wp-content\/uploads\/elementor\/thumbs\/lifestyle-4-pxr28zubv86mfqhfkka6a4jwvxfi2w4q3arvw1wps8.png\",\"contentUrl\":\"https:\/\/wibi-workwear.com\/wp-content\/uploads\/elementor\/thumbs\/lifestyle-4-pxr28zubv86mfqhfkka6a4jwvxfi2w4q3arvw1wps8.png\"},{\"@type\":\"BreadcrumbList\",\"@id\":\"https:\/\/wasteless-group.com\/de\/leckereien\/#breadcrumb\",\"itemListElement\":[{\"@type\":\"ListItem\",\"position\":1,\"name\":\"Accueil\",\"item\":\"https:\/\/wasteless-group.com\/de\/\"},{\"@type\":\"ListItem\",\"position\":2,\"name\":\"Leckereien\"}]},{\"@type\":\"WebSite\",\"@id\":\"https:\/\/wasteless-group.com\/de\/#website\",\"url\":\"https:\/\/wasteless-group.com\/de\/\",\"name\":\"Wasteless Group\",\"description\":\"Wasteless Group, votre fabricant et fournisseur de produits sur mesure plus \u00e9cologiques\",\"publisher\":{\"@id\":\"https:\/\/wasteless-group.com\/de\/#organization\"},\"potentialAction\":[{\"@type\":\"SearchAction\",\"target\":{\"@type\":\"EntryPoint\",\"urlTemplate\":\"https:\/\/wasteless-group.com\/de\/?s={search_term_string}\"},\"query-input\":{\"@type\":\"PropertyValueSpecification\",\"valueRequired\":true,\"valueName\":\"search_term_string\"}}],\"inLanguage\":\"de-DE\"},{\"@type\":\"Organization\",\"@id\":\"https:\/\/wasteless-group.com\/de\/#organization\",\"name\":\"Wasteless Group\",\"url\":\"https:\/\/wasteless-group.com\/de\/\",\"logo\":{\"@type\":\"ImageObject\",\"inLanguage\":\"de-DE\",\"@id\":\"https:\/\/wasteless-group.com\/de\/#\/schema\/logo\/image\/\",\"url\":\"https:\/\/wasteless-group.com\/wp-content\/uploads\/2023\/07\/Logo-WG-Vert.png\",\"contentUrl\":\"https:\/\/wasteless-group.com\/wp-content\/uploads\/2023\/07\/Logo-WG-Vert.png\",\"width\":400,\"height\":138,\"caption\":\"Wasteless Group\"},\"image\":{\"@id\":\"https:\/\/wasteless-group.com\/de\/#\/schema\/logo\/image\/\"},\"sameAs\":[\"https:\/\/www.linkedin.com\/company\/wasteless-group\/\"]}]}<\/script>\n<!-- \/ Yoast SEO plugin. -->","yoast_head_json":{"title":"Ihr Hersteller von \u00f6kologischeren personalisierten Leckereien","description":"Suchen Sie umweltbewusste Werbeartikel, um Ihre Werte zu vermitteln? Wir erstellen sie f\u00fcr Sie, kontaktieren Sie uns!","robots":{"index":"index","follow":"follow","max-snippet":"max-snippet:-1","max-image-preview":"max-image-preview:large","max-video-preview":"max-video-preview:-1"},"canonical":"https:\/\/wasteless-group.com\/de\/leckereien\/","og_locale":"de_DE","og_type":"article","og_title":"Ihr Hersteller von \u00f6kologischeren personalisierten Leckereien","og_description":"Suchen Sie umweltbewusste Werbeartikel, um Ihre Werte zu vermitteln? Wir erstellen sie f\u00fcr Sie, kontaktieren Sie uns!","og_url":"https:\/\/wasteless-group.com\/de\/leckereien\/","og_site_name":"Wasteless Group, votre fabricant et fournisseur de produits sur mesure plus \u00e9cologiques","article_modified_time":"2023-01-19T09:04:14+00:00","og_image":[{"width":1080,"height":1080,"url":"https:\/\/wasteless-group.com\/wp-content\/uploads\/2022\/12\/set-couverts.png","type":"image\/png"}],"twitter_card":"summary_large_image","twitter_misc":{"Gesch\u00e4tzte Lesezeit":"1 Minute"},"schema":{"@context":"https:\/\/schema.org","@graph":[{"@type":"WebPage","@id":"https:\/\/wasteless-group.com\/de\/leckereien\/","url":"https:\/\/wasteless-group.com\/de\/leckereien\/","name":"Ihr Hersteller von \u00f6kologischeren personalisierten Leckereien","isPartOf":{"@id":"https:\/\/wasteless-group.com\/de\/#website"},"primaryImageOfPage":{"@id":"https:\/\/wasteless-group.com\/de\/leckereien\/#primaryimage"},"image":{"@id":"https:\/\/wasteless-group.com\/de\/leckereien\/#primaryimage"},"thumbnailUrl":"https:\/\/wibi-workwear.com\/wp-content\/uploads\/elementor\/thumbs\/lifestyle-4-pxr28zubv86mfqhfkka6a4jwvxfi2w4q3arvw1wps8.png","datePublished":"2022-11-14T13:12:46+00:00","dateModified":"2023-01-19T09:04:14+00:00","description":"Suchen Sie umweltbewusste Werbeartikel, um Ihre Werte zu vermitteln? Wir erstellen sie f\u00fcr Sie, kontaktieren Sie uns!","breadcrumb":{"@id":"https:\/\/wasteless-group.com\/de\/leckereien\/#breadcrumb"},"inLanguage":"de-DE","potentialAction":[{"@type":"ReadAction","target":["https:\/\/wasteless-group.com\/de\/leckereien\/"]}]},{"@type":"ImageObject","inLanguage":"de-DE","@id":"https:\/\/wasteless-group.com\/de\/leckereien\/#primaryimage","url":"https:\/\/wibi-workwear.com\/wp-content\/uploads\/elementor\/thumbs\/lifestyle-4-pxr28zubv86mfqhfkka6a4jwvxfi2w4q3arvw1wps8.png","contentUrl":"https:\/\/wibi-workwear.com\/wp-content\/uploads\/elementor\/thumbs\/lifestyle-4-pxr28zubv86mfqhfkka6a4jwvxfi2w4q3arvw1wps8.png"},{"@type":"BreadcrumbList","@id":"https:\/\/wasteless-group.com\/de\/leckereien\/#breadcrumb","itemListElement":[{"@type":"ListItem","position":1,"name":"Accueil","item":"https:\/\/wasteless-group.com\/de\/"},{"@type":"ListItem","position":2,"name":"Leckereien"}]},{"@type":"WebSite","@id":"https:\/\/wasteless-group.com\/de\/#website","url":"https:\/\/wasteless-group.com\/de\/","name":"Wasteless Group","description":"Wasteless Group, votre fabricant et fournisseur de produits sur mesure plus \u00e9cologiques","publisher":{"@id":"https:\/\/wasteless-group.com\/de\/#organization"},"potentialAction":[{"@type":"SearchAction","target":{"@type":"EntryPoint","urlTemplate":"https:\/\/wasteless-group.com\/de\/?s={search_term_string}"},"query-input":{"@type":"PropertyValueSpecification","valueRequired":true,"valueName":"search_term_string"}}],"inLanguage":"de-DE"},{"@type":"Organization","@id":"https:\/\/wasteless-group.com\/de\/#organization","name":"Wasteless Group","url":"https:\/\/wasteless-group.com\/de\/","logo":{"@type":"ImageObject","inLanguage":"de-DE","@id":"https:\/\/wasteless-group.com\/de\/#\/schema\/logo\/image\/","url":"https:\/\/wasteless-group.com\/wp-content\/uploads\/2023\/07\/Logo-WG-Vert.png","contentUrl":"https:\/\/wasteless-group.com\/wp-content\/uploads\/2023\/07\/Logo-WG-Vert.png","width":400,"height":138,"caption":"Wasteless Group"},"image":{"@id":"https:\/\/wasteless-group.com\/de\/#\/schema\/logo\/image\/"},"sameAs":["https:\/\/www.linkedin.com\/company\/wasteless-group\/"]}]}},"_links":{"self":[{"href":"https:\/\/wasteless-group.com\/de\/wp-json\/wp\/v2\/pages\/2456","targetHints":{"allow":["GET"]}}],"collection":[{"href":"https:\/\/wasteless-group.com\/de\/wp-json\/wp\/v2\/pages"}],"about":[{"href":"https:\/\/wasteless-group.com\/de\/wp-json\/wp\/v2\/types\/page"}],"author":[{"embeddable":true,"href":"https:\/\/wasteless-group.com\/de\/wp-json\/wp\/v2\/users\/1"}],"replies":[{"embeddable":true,"href":"https:\/\/wasteless-group.com\/de\/wp-json\/wp\/v2\/comments?post=2456"}],"version-history":[{"count":0,"href":"https:\/\/wasteless-group.com\/de\/wp-json\/wp\/v2\/pages\/2456\/revisions"}],"wp:attachment":[{"href":"https:\/\/wasteless-group.com\/de\/wp-json\/wp\/v2\/media?parent=2456"}],"curies":[{"name":"wp","href":"https:\/\/api.w.org\/{rel}","templated":true}]}}