{"id":2509,"date":"2022-11-14T14:54:53","date_gmt":"2022-11-14T13:54:53","guid":{"rendered":"https:\/\/wibi-workwear.com\/?page_id=2509"},"modified":"2022-12-01T10:37:09","modified_gmt":"2022-12-01T09:37:09","slug":"impressum","status":"publish","type":"page","link":"https:\/\/wasteless-group.com\/de\/impressum\/","title":{"rendered":"Impressum"},"content":{"rendered":"\t\t<div data-elementor-type=\"wp-page\" data-elementor-id=\"2509\" class=\"elementor elementor-2509\">\n\t\t\t\t\t\t<section class=\"elementor-section elementor-top-section elementor-element elementor-element-1e281d07 elementor-section-boxed elementor-section-height-default elementor-section-height-default\" data-id=\"1e281d07\" data-element_type=\"section\">\n\t\t\t\t\t\t<div class=\"elementor-container elementor-column-gap-default\">\n\t\t\t\t\t<div class=\"elementor-column elementor-col-100 elementor-top-column elementor-element elementor-element-14e168bb\" data-id=\"14e168bb\" data-element_type=\"column\">\n\t\t\t<div class=\"elementor-widget-wrap elementor-element-populated\">\n\t\t\t\t\t\t<div class=\"elementor-element elementor-element-59320de1 elementor-widget elementor-widget-text-editor\" data-id=\"59320de1\" data-element_type=\"widget\" data-widget_type=\"text-editor.default\">\n\t\t\t\t<div class=\"elementor-widget-container\">\n\t\t\t\t\t\t\t\t\t\n<div id=\"wp-block-themeisle-blocks-advanced-columns-0e98f34d\" class=\"wp-block-themeisle-blocks-advanced-columns has-0-columns has-desktop-undefined-layout has-tablet-equal-layout has-mobile-equal-layout has-vertical-unset\"><div class=\"wp-block-themeisle-blocks-advanced-columns-overlay\"><\/div><div class=\"innerblocks-wrap\"><\/div><\/div>\n\t\t\t\t\t\t\t\t<\/div>\n\t\t\t\t<\/div>\n\t\t\t\t\t<\/div>\n\t\t<\/div>\n\t\t\t\t\t<\/div>\n\t\t<\/section>\n\t\t\t\t<section class=\"elementor-section elementor-top-section elementor-element elementor-element-dad7314 elementor-section-boxed elementor-section-height-default elementor-section-height-default\" data-id=\"dad7314\" data-element_type=\"section\">\n\t\t\t\t\t\t<div class=\"elementor-container elementor-column-gap-default\">\n\t\t\t\t\t<div class=\"elementor-column elementor-col-100 elementor-top-column elementor-element elementor-element-6ac4543\" data-id=\"6ac4543\" data-element_type=\"column\">\n\t\t\t<div class=\"elementor-widget-wrap elementor-element-populated\">\n\t\t\t\t\t\t<div class=\"elementor-element elementor-element-993408d elementor-widget elementor-widget-text-editor\" data-id=\"993408d\" data-element_type=\"widget\" data-widget_type=\"text-editor.default\">\n\t\t\t\t<div class=\"elementor-widget-container\">\n\t\t\t\t\t\t\t\t\t<p>Die Website, die unter der Adresse http:\/\/wasteless-group.com\/ (im Folgenden der &#8222;Website&#8220;) zug\u00e4nglich ist, wird von der Firma LBX Asia Ltd ver\u00f6ffentlicht, die unter dem Handelsnamen &#8222;Wasteless Group&#8220; bezeichnet wird, dessen Hauptquartier in Raum 1703 liegt. 17\/f, Tang Tung Building, Nr. 8 Fleming Road, Wanchai, HK (im Folgenden &#8222;LBX Asia&#8220;).<br \/>Der Direktor der Publikation der Website ist Herr Philippe Ollier, Gesch\u00e4ftsf\u00fchrer.<\/p><h2><strong>Unterkunft<\/strong><\/h2><p>Der Standort Host ist OVH &#8211; 2 Rue Kellermann, 59100 Roubaix &#8211; Frankreich.<\/p><h2><strong>Verantwortung<\/strong><\/h2><p>LBX Asia strebt einen Wachmann zur Genauigkeit und Aktualisierung der auf dieser Website verbreiteten Informationen an, von denen er das Recht vorbeh\u00e4lt, den Inhalt jederzeit zu korrigieren. LBX Asia konnte nicht f\u00fcr Ungenauigkeiten, Fehler, Auslassung oder Defekt bei der Aktualisierung der auf der Website dargestellten Informationen verantwortlich gemacht werden.<br \/>LBX Asia kann nicht f\u00fcr mangelnde Verf\u00fcgbarkeit, Unterbrechung, Funktionsst\u00f6rung oder Vorhandensein eines Virus auf seinem Standort verantwortlich gemacht werden.<br \/>LBX Asia beh\u00e4lt sich auch das Recht vor, die Website aus Wartungsgr\u00fcnden oder aus anderen Gr\u00fcnden auszusetzen.<\/p><h2><strong>Geistiges Eigentum<\/strong><\/h2><p>Der Standort profitiert vom Schutz des V\u00f6lkerrechts gegen das Urheberrecht und allgemeiner zu geistigem Eigentum. Der gesamte Inhalt der Website, insbesondere jedoch ohne Anstrengung, Software, Texte, Datenbanken, animierte Bilder, Videos, Animationen, Sounds, Know-how, sind die exklusive Eigenschaft von LBX Asia. Jede Reproduktion, Darstellung, Verbreitung in allen oder einem Teil des Standorts unterliegt der vorherigen Vereinbarung des Direktors der Ver\u00f6ffentlichung oder von Dritten, die von LBX Asia bezeichnet werden.<\/p><h2><strong>Pers\u00f6nliche Daten<\/strong><\/h2><p>LBX Asia stellt den Schutz personenbezogener Daten sicher, die Sie uns wahrscheinlich senden werden. Wir laden Sie ein, unsere personenbezogene Datenschutzrichtlinie zu konsultieren.<\/p>\t\t\t\t\t\t\t\t<\/div>\n\t\t\t\t<\/div>\n\t\t\t\t\t<\/div>\n\t\t<\/div>\n\t\t\t\t\t<\/div>\n\t\t<\/section>\n\t\t\t\t<\/div>\n\t\t","protected":false},"excerpt":{"rendered":"<p>Die Website, die unter der Adresse http:\/\/wasteless-group.com\/ (im Folgenden der &#8222;Website&#8220;) zug\u00e4nglich ist, wird von der Firma LBX Asia Ltd ver\u00f6ffentlicht, die unter dem Handelsnamen &#8222;Wasteless Group&#8220; bezeichnet wird, dessen Hauptquartier in Raum 1703 liegt. 17\/f, Tang Tung Building, Nr. 8 Fleming Road, Wanchai, HK (im Folgenden &#8222;LBX Asia&#8220;).Der Direktor der Publikation der Website ist &hellip;<\/p>\n<p class=\"read-more\"> <a class=\"\" href=\"https:\/\/wasteless-group.com\/de\/impressum\/\"> <span class=\"screen-reader-text\">Impressum<\/span> Weiterlesen &raquo;<\/a><\/p>\n","protected":false},"author":1,"featured_media":0,"parent":0,"menu_order":0,"comment_status":"closed","ping_status":"closed","template":"","meta":{"site-sidebar-layout":"default","site-content-layout":"","ast-site-content-layout":"","site-content-style":"default","site-sidebar-style":"default","ast-global-header-display":"","ast-banner-title-visibility":"","ast-main-header-display":"","ast-hfb-above-header-display":"","ast-hfb-below-header-display":"","ast-hfb-mobile-header-display":"","site-post-title":"","ast-breadcrumbs-content":"","ast-featured-img":"","footer-sml-layout":"","theme-transparent-header-meta":"","adv-header-id-meta":"","stick-header-meta":"","header-above-stick-meta":"","header-main-stick-meta":"","header-below-stick-meta":"","astra-migrate-meta-layouts":"","footnotes":""},"class_list":["post-2509","page","type-page","status-publish","hentry"],"yoast_head":"<!-- This site is optimized with the Yoast SEO plugin v26.6 - https:\/\/yoast.com\/wordpress\/plugins\/seo\/ -->\n<title>Impressum - Wasteless Group, votre fabricant et fournisseur de produits sur mesure plus \u00e9cologiques<\/title>\n<meta name=\"robots\" content=\"index, follow, max-snippet:-1, max-image-preview:large, max-video-preview:-1\" \/>\n<link rel=\"canonical\" href=\"https:\/\/wasteless-group.com\/de\/impressum\/\" \/>\n<meta property=\"og:locale\" content=\"de_DE\" \/>\n<meta property=\"og:type\" content=\"article\" \/>\n<meta property=\"og:title\" content=\"Impressum - Wasteless Group, votre fabricant et fournisseur de produits sur mesure plus \u00e9cologiques\" \/>\n<meta property=\"og:description\" content=\"Die Website, die unter der Adresse http:\/\/wasteless-group.com\/ (im Folgenden der &#8222;Website&#8220;) zug\u00e4nglich ist, wird von der Firma LBX Asia Ltd ver\u00f6ffentlicht, die unter dem Handelsnamen &#8222;Wasteless Group&#8220; bezeichnet wird, dessen Hauptquartier in Raum 1703 liegt. 17\/f, Tang Tung Building, Nr. 8 Fleming Road, Wanchai, HK (im Folgenden &#8222;LBX Asia&#8220;).Der Direktor der Publikation der Website ist &hellip; Impressum Weiterlesen &raquo;\" \/>\n<meta property=\"og:url\" content=\"https:\/\/wasteless-group.com\/de\/impressum\/\" \/>\n<meta property=\"og:site_name\" content=\"Wasteless Group, votre fabricant et fournisseur de produits sur mesure plus \u00e9cologiques\" \/>\n<meta property=\"article:modified_time\" content=\"2022-12-01T09:37:09+00:00\" \/>\n<meta name=\"twitter:card\" content=\"summary_large_image\" \/>\n<meta name=\"twitter:label1\" content=\"Gesch\u00e4tzte Lesezeit\" \/>\n\t<meta name=\"twitter:data1\" content=\"2 Minuten\" \/>\n<script type=\"application\/ld+json\" class=\"yoast-schema-graph\">{\"@context\":\"https:\/\/schema.org\",\"@graph\":[{\"@type\":\"WebPage\",\"@id\":\"https:\/\/wasteless-group.com\/de\/impressum\/\",\"url\":\"https:\/\/wasteless-group.com\/de\/impressum\/\",\"name\":\"Impressum - Wasteless Group, votre fabricant et fournisseur de produits sur mesure plus \u00e9cologiques\",\"isPartOf\":{\"@id\":\"https:\/\/wasteless-group.com\/de\/#website\"},\"datePublished\":\"2022-11-14T13:54:53+00:00\",\"dateModified\":\"2022-12-01T09:37:09+00:00\",\"breadcrumb\":{\"@id\":\"https:\/\/wasteless-group.com\/de\/impressum\/#breadcrumb\"},\"inLanguage\":\"de-DE\",\"potentialAction\":[{\"@type\":\"ReadAction\",\"target\":[\"https:\/\/wasteless-group.com\/de\/impressum\/\"]}]},{\"@type\":\"BreadcrumbList\",\"@id\":\"https:\/\/wasteless-group.com\/de\/impressum\/#breadcrumb\",\"itemListElement\":[{\"@type\":\"ListItem\",\"position\":1,\"name\":\"Accueil\",\"item\":\"https:\/\/wasteless-group.com\/de\/\"},{\"@type\":\"ListItem\",\"position\":2,\"name\":\"Impressum\"}]},{\"@type\":\"WebSite\",\"@id\":\"https:\/\/wasteless-group.com\/de\/#website\",\"url\":\"https:\/\/wasteless-group.com\/de\/\",\"name\":\"Wasteless Group\",\"description\":\"Wasteless Group, votre fabricant et fournisseur de produits sur mesure plus \u00e9cologiques\",\"publisher\":{\"@id\":\"https:\/\/wasteless-group.com\/de\/#organization\"},\"potentialAction\":[{\"@type\":\"SearchAction\",\"target\":{\"@type\":\"EntryPoint\",\"urlTemplate\":\"https:\/\/wasteless-group.com\/de\/?s={search_term_string}\"},\"query-input\":{\"@type\":\"PropertyValueSpecification\",\"valueRequired\":true,\"valueName\":\"search_term_string\"}}],\"inLanguage\":\"de-DE\"},{\"@type\":\"Organization\",\"@id\":\"https:\/\/wasteless-group.com\/de\/#organization\",\"name\":\"Wasteless Group\",\"url\":\"https:\/\/wasteless-group.com\/de\/\",\"logo\":{\"@type\":\"ImageObject\",\"inLanguage\":\"de-DE\",\"@id\":\"https:\/\/wasteless-group.com\/de\/#\/schema\/logo\/image\/\",\"url\":\"https:\/\/wasteless-group.com\/wp-content\/uploads\/2023\/07\/Logo-WG-Vert.png\",\"contentUrl\":\"https:\/\/wasteless-group.com\/wp-content\/uploads\/2023\/07\/Logo-WG-Vert.png\",\"width\":400,\"height\":138,\"caption\":\"Wasteless Group\"},\"image\":{\"@id\":\"https:\/\/wasteless-group.com\/de\/#\/schema\/logo\/image\/\"},\"sameAs\":[\"https:\/\/www.linkedin.com\/company\/wasteless-group\/\"]}]}<\/script>\n<!-- \/ Yoast SEO plugin. -->","yoast_head_json":{"title":"Impressum - Wasteless Group, votre fabricant et fournisseur de produits sur mesure plus \u00e9cologiques","robots":{"index":"index","follow":"follow","max-snippet":"max-snippet:-1","max-image-preview":"max-image-preview:large","max-video-preview":"max-video-preview:-1"},"canonical":"https:\/\/wasteless-group.com\/de\/impressum\/","og_locale":"de_DE","og_type":"article","og_title":"Impressum - Wasteless Group, votre fabricant et fournisseur de produits sur mesure plus \u00e9cologiques","og_description":"Die Website, die unter der Adresse http:\/\/wasteless-group.com\/ (im Folgenden der &#8222;Website&#8220;) zug\u00e4nglich ist, wird von der Firma LBX Asia Ltd ver\u00f6ffentlicht, die unter dem Handelsnamen &#8222;Wasteless Group&#8220; bezeichnet wird, dessen Hauptquartier in Raum 1703 liegt. 17\/f, Tang Tung Building, Nr. 8 Fleming Road, Wanchai, HK (im Folgenden &#8222;LBX Asia&#8220;).Der Direktor der Publikation der Website ist &hellip; Impressum Weiterlesen &raquo;","og_url":"https:\/\/wasteless-group.com\/de\/impressum\/","og_site_name":"Wasteless Group, votre fabricant et fournisseur de produits sur mesure plus \u00e9cologiques","article_modified_time":"2022-12-01T09:37:09+00:00","twitter_card":"summary_large_image","twitter_misc":{"Gesch\u00e4tzte Lesezeit":"2 Minuten"},"schema":{"@context":"https:\/\/schema.org","@graph":[{"@type":"WebPage","@id":"https:\/\/wasteless-group.com\/de\/impressum\/","url":"https:\/\/wasteless-group.com\/de\/impressum\/","name":"Impressum - Wasteless Group, votre fabricant et fournisseur de produits sur mesure plus \u00e9cologiques","isPartOf":{"@id":"https:\/\/wasteless-group.com\/de\/#website"},"datePublished":"2022-11-14T13:54:53+00:00","dateModified":"2022-12-01T09:37:09+00:00","breadcrumb":{"@id":"https:\/\/wasteless-group.com\/de\/impressum\/#breadcrumb"},"inLanguage":"de-DE","potentialAction":[{"@type":"ReadAction","target":["https:\/\/wasteless-group.com\/de\/impressum\/"]}]},{"@type":"BreadcrumbList","@id":"https:\/\/wasteless-group.com\/de\/impressum\/#breadcrumb","itemListElement":[{"@type":"ListItem","position":1,"name":"Accueil","item":"https:\/\/wasteless-group.com\/de\/"},{"@type":"ListItem","position":2,"name":"Impressum"}]},{"@type":"WebSite","@id":"https:\/\/wasteless-group.com\/de\/#website","url":"https:\/\/wasteless-group.com\/de\/","name":"Wasteless Group","description":"Wasteless Group, votre fabricant et fournisseur de produits sur mesure plus \u00e9cologiques","publisher":{"@id":"https:\/\/wasteless-group.com\/de\/#organization"},"potentialAction":[{"@type":"SearchAction","target":{"@type":"EntryPoint","urlTemplate":"https:\/\/wasteless-group.com\/de\/?s={search_term_string}"},"query-input":{"@type":"PropertyValueSpecification","valueRequired":true,"valueName":"search_term_string"}}],"inLanguage":"de-DE"},{"@type":"Organization","@id":"https:\/\/wasteless-group.com\/de\/#organization","name":"Wasteless Group","url":"https:\/\/wasteless-group.com\/de\/","logo":{"@type":"ImageObject","inLanguage":"de-DE","@id":"https:\/\/wasteless-group.com\/de\/#\/schema\/logo\/image\/","url":"https:\/\/wasteless-group.com\/wp-content\/uploads\/2023\/07\/Logo-WG-Vert.png","contentUrl":"https:\/\/wasteless-group.com\/wp-content\/uploads\/2023\/07\/Logo-WG-Vert.png","width":400,"height":138,"caption":"Wasteless Group"},"image":{"@id":"https:\/\/wasteless-group.com\/de\/#\/schema\/logo\/image\/"},"sameAs":["https:\/\/www.linkedin.com\/company\/wasteless-group\/"]}]}},"_links":{"self":[{"href":"https:\/\/wasteless-group.com\/de\/wp-json\/wp\/v2\/pages\/2509","targetHints":{"allow":["GET"]}}],"collection":[{"href":"https:\/\/wasteless-group.com\/de\/wp-json\/wp\/v2\/pages"}],"about":[{"href":"https:\/\/wasteless-group.com\/de\/wp-json\/wp\/v2\/types\/page"}],"author":[{"embeddable":true,"href":"https:\/\/wasteless-group.com\/de\/wp-json\/wp\/v2\/users\/1"}],"replies":[{"embeddable":true,"href":"https:\/\/wasteless-group.com\/de\/wp-json\/wp\/v2\/comments?post=2509"}],"version-history":[{"count":0,"href":"https:\/\/wasteless-group.com\/de\/wp-json\/wp\/v2\/pages\/2509\/revisions"}],"wp:attachment":[{"href":"https:\/\/wasteless-group.com\/de\/wp-json\/wp\/v2\/media?parent=2509"}],"curies":[{"name":"wp","href":"https:\/\/api.w.org\/{rel}","templated":true}]}}