{"id":2557,"date":"2020-11-27T09:53:27","date_gmt":"2020-11-27T08:53:27","guid":{"rendered":"https:\/\/wibi-workwear.com\/?page_id=2557"},"modified":"2022-12-01T10:53:42","modified_gmt":"2022-12-01T09:53:42","slug":"datenschutz-bestimmungen","status":"publish","type":"page","link":"https:\/\/wasteless-group.com\/de\/datenschutz-bestimmungen\/","title":{"rendered":"Datenschutz-Bestimmungen"},"content":{"rendered":"\t\t<div data-elementor-type=\"wp-page\" data-elementor-id=\"2557\" class=\"elementor elementor-2557\">\n\t\t\t\t\t\t<section class=\"elementor-section elementor-top-section elementor-element elementor-element-5c307835 elementor-section-boxed elementor-section-height-default elementor-section-height-default\" data-id=\"5c307835\" data-element_type=\"section\">\n\t\t\t\t\t\t<div class=\"elementor-container elementor-column-gap-default\">\n\t\t\t\t\t<div class=\"elementor-column elementor-col-100 elementor-top-column elementor-element elementor-element-7a782ef5\" data-id=\"7a782ef5\" data-element_type=\"column\">\n\t\t\t<div class=\"elementor-widget-wrap elementor-element-populated\">\n\t\t\t\t\t\t<div class=\"elementor-element elementor-element-1a557b74 elementor-widget elementor-widget-text-editor\" data-id=\"1a557b74\" data-element_type=\"widget\" data-widget_type=\"text-editor.default\">\n\t\t\t\t<div class=\"elementor-widget-container\">\n\t\t\t\t\t\t\t\t\t<p><\/p>\n<p>Durch die Nutzung der unter der Adresse http:\/\/wasteless-group.com\/ zug\u00e4nglichen Website stimmen Sie, Benutzer und Besucher der Website, der Erhebung und Verwendung Ihrer personenbezogenen Daten (im Folgenden die \u201epersonenbezogenen Daten\u201c) unter den beschriebenen Bedingungen zu in dieser Datenschutzerkl\u00e4rung (im Folgenden die \u201eDatenschutzerkl\u00e4rung\u201c).<br \/>Die Datenschutzrichtlinie beschreibt die Verarbeitung personenbezogener Daten, die von LBX ASIE f\u00fcr seine kommerzielle Website http:\/\/wasteless-packaging.com\/ (im Folgenden die \u201eVerarbeitung\u201c) im Rahmen der Website durchgef\u00fchrt wird, sowie Ihre Rechte in Bezug auf den Schutz von Pers\u00f6nliche Daten.<br \/>LBX ASIA verpflichtet sich, Ihre personenbezogenen Daten in \u00dcbereinstimmung mit den geltenden Gesetzen und Vorschriften zu erheben und zu verarbeiten, n\u00e4mlich der Europ\u00e4ischen Allgemeinen Verordnung zum Schutz personenbezogener Daten Nr. 2016\/679 vom 27. April 2016, genannt \u201eRGPD\u201c und dem Gesetz Nr. 78- 17 vom 6. Januar 1978 in Bezug auf Datenverarbeitung, Dateien und Freiheiten (im Folgenden zusammen als \u201eanwendbare Gesetzgebung\u201c bezeichnet).<\/p>\n<h2 class=\"wp-block-heading\">1. Identit\u00e4t und Kontaktdaten des f\u00fcr die Verarbeitung Verantwortlichen<\/h2>\n<p>Im Sinne der anwendbaren Rechtsvorschriften ist der Datenverantwortliche (im Folgenden \u201eDatenverantwortlicher\u201c) die Stelle, die die Mittel und Zwecke der Verarbeitung personenbezogener Daten bestimmt. LBX ASIE ist der Datenverantwortliche f\u00fcr Ihre \u00fcber die Website erfassten personenbezogenen Daten.<\/p>\n<h2>2. Erhobene personenbezogene Daten<\/h2>\n<p>Ihre personenbezogenen Daten k\u00f6nnen erfasst werden, wenn Sie:<\/p>\n<p>\u2013 Durchsuchen der Website,<br \/>\u2013 Stellen Sie eine Frage \u00fcber das Kontaktformular<\/p>\n<h2>3. Verarbeitung und Zwecke der Verarbeitung<\/h2>\n<p>Ihre personenbezogenen Daten k\u00f6nnen erhoben und verarbeitet werden, um:<\/p>\n<p>\u2013 Bereitstellung der von Ihnen \u00fcber das Kontaktformular angeforderten Dienstleistungen und Informationen,<br \/>\u2013 Beantwortung Ihrer Fragen und W\u00fcnsche,<br \/>\u2013 anonymisierte Statistiken erstellen,<br \/>\u2013 Gew\u00e4hrleistung des Betriebs und der Sicherheit der Website, um deren Betrieb zu verbessern. Diese Verarbeitung hat als Rechtsgrundlage das berechtigte Interesse von LBX ASIA und Ihre Zustimmung.<\/p>\n<h2>4. Empf\u00e4nger personenbezogener Daten<\/h2>\n<p>Die von LBX ASIE erhobenen personenbezogenen Daten sind ausschlie\u00dflich f\u00fcr die Verarbeitung durch LBX ASIE bestimmt.<br \/>Personenbezogene Daten k\u00f6nnen im Falle einer Umstrukturierung von LBX ASIE an Dritte \u00fcbertragen werden, einschlie\u00dflich im Falle einer Fusion, \u00dcbernahme, \u00dcbernahme, Spaltung, des vollst\u00e4ndigen oder teilweisen Verkaufs von Verm\u00f6genswerten und allgemeiner bei Umstrukturierungen oder internen Umstrukturierungen.<br \/>Dar\u00fcber hinaus kann LBX ASIE in \u00dcbereinstimmung mit den geltenden Gesetzen verpflichtet sein, Ihre personenbezogenen Daten an Dritte weiterzugeben, um gesetzlichen oder beh\u00f6rdlichen Verpflichtungen nachzukommen oder eine Gerichtsentscheidung anzuwenden, oder wenn diese Weitergabe zu seiner Verteidigung erforderlich ist Rechte.<br \/>LBX ASIA muss Ihre personenbezogenen Daten m\u00f6glicherweise an Empf\u00e4nger au\u00dferhalb der Europ\u00e4ischen Union \u00fcbermitteln. In diesem Zusammenhang unterliegt die \u00dcbermittlung personenbezogener Daten gem\u00e4\u00df den geltenden Rechtsvorschriften einem Vertrag zur \u00dcbermittlung personenbezogener Daten, der auf der Grundlage der Standardvertragsklauseln der Europ\u00e4ischen Kommission erstellt wurde.<\/p>\n<h2>5. Aufbewahrungsdauer Ihrer personenbezogenen Daten<\/h2>\n<p>LBX ASIE speichert Ihre personenbezogenen Daten nur f\u00fcr die Dauer, die f\u00fcr die durchgef\u00fchrte Verarbeitung erforderlich ist. LBX ASIE kann Ihre personenbezogenen Daten dennoch im Rahmen ihrer gesetzlichen und beh\u00f6rdlichen Verpflichtungen f\u00fcr einen l\u00e4ngeren Zeitraum aufbewahren.<br \/>Ihre personenbezogenen Daten werden in jedem Fall auf einfache Anfrage von Ihnen \u00fcber das Kontaktformular innerhalb von maximal 30 Tagen nach Ihrer Anfrage vernichtet.<\/p>\n<h2>6. Aus\u00fcbung Ihrer Rechte<\/h2>\n<p>In \u00dcbereinstimmung mit den geltenden Vorschriften haben Sie das Recht, auf Ihre personenbezogenen Daten zuzugreifen und sie zu berichtigen, sowie das Recht, ihre L\u00f6schung zu verlangen (Recht auf Vergessenwerden), das Recht, ihrer Verarbeitung zu widersprechen und ihre Einschr\u00e4nkung oder \u00dcbertragbarkeit in dem Umfang zu erhalten dass dies zutrifft, vorbehaltlich zwingender legitimer Gr\u00fcnde, die LBX ASIE rechtfertigen k\u00f6nnte, um Ihre personenbezogenen Daten aufzubewahren.<br \/>Diese Rechte k\u00f6nnen direkt \u00fcber das Kontaktformular oder beim Datenschutzbeauftragten ausge\u00fcbt werden. M\u00f6glicherweise werden Sie nach einem Identit\u00e4tsnachweis gefragt.<br \/>Sie haben auch das Recht, sich mit Beschwerden dar\u00fcber zu befassen, wie LBX ASIA Ihre personenbezogenen Daten erfasst und verarbeitet.<\/p>\n<h2><strong>7. Kekse<\/strong><\/h2>\n<p>Die Website verwendet Cookies. Ein Cookie ist eine kleine Datei, die der Site-Browser lokal auf Ihrem Endger\u00e4t (Computer, Tablet, Smartphone) speichert, wenn Sie die Site aufrufen. Das Cookie erm\u00f6glicht seinem Herausgeber (LBX ASIA oder unseren Dienstanbietern f\u00fcr Zielgruppenmessungen wie Google, Cloudflare und PPL Langue), Informationen \u00fcber Ihren Besuch auf der Website zu sammeln, wie z. B. die auf der Website zur\u00fcckgelegte Route oder die bevorzugte Sprache um Ihr Surferlebnis sowie den Inhalt und die Funktionalit\u00e4t der Website zu verbessern. Sie k\u00f6nnen auch f\u00fcr statistische und Verkehrsmessungszwecke verwendet werden (unter Ausschluss jeglicher Verwendung f\u00fcr kommerzielle Zwecke).<\/p>\n<p>Indem Sie Ihre Navigation auf der Website w\u00e4hrend Ihrer ersten Verbindung fortsetzen, akzeptieren Sie die Hinterlegung von Cookies auf Ihrem Endger\u00e4t. Cookies, die f\u00fcr das reibungslose Funktionieren der Website unerl\u00e4sslich sind, k\u00f6nnen nicht von unseren Systemen deaktiviert werden. Sie k\u00f6nnen Ihren Browser so konfigurieren, dass er die Verwendung dieser Cookies blockiert oder darauf hingewiesen wird. Wenn diese Kategorie von Cookies jedoch blockiert wird, k\u00f6nnen bestimmte Funktionen der Website nicht bereitgestellt werden.<br \/>Leistungs-Cookies erm\u00f6glichen es, die Anzahl der Besuche und die Quellen des Datenverkehrs auf der Website zu ermitteln, um ihre Leistung zu messen und zu verbessern. Alle von diesen Cookies gesammelten Informationen sind anonymisiert.<br \/>Sie k\u00f6nnen Cookies deaktivieren, indem Sie die folgenden Anweisungen befolgen:<\/p>\n<p><strong>&#8211; Im Internet Explorer:<\/strong> Klicken Sie auf die Schaltfl\u00e4che Extras, dann auf Internetoptionen, klicken Sie auf der Registerkarte Allgemein unter Browserverlauf auf Einstellungen, klicken Sie auf die Schaltfl\u00e4che Dateien anzeigen, klicken Sie auf die Spalten\u00fcberschrift Name, um alle Dateien in alphabetischer Reihenfolge zu sortieren, und bl\u00e4ttern Sie dann durch die Liste bis Sie Dateien sehen, die mit dem Pr\u00e4fix Cookie beginnen (alle Cookies haben dieses Pr\u00e4fix und enthalten normalerweise den Namen der Website, die sie erstellt hat), w\u00e4hlen Sie sie aus und l\u00f6schen Sie sie, schlie\u00dfen Sie das Fenster mit der Liste der Dateien und klicken Sie dann zweimal auf OK, um zur\u00fcckzukehren zum Internet-Explorer.<\/p>\n<p><strong>&#8211; Von Mozilla Firefox:<\/strong> Gehen Sie zur Registerkarte Extras des Browsers, w\u00e4hlen Sie dann das Men\u00fc Optionen, w\u00e4hlen Sie im angezeigten Fenster Datenschutz und klicken Sie auf Cookies anzeigen, w\u00e4hlen Sie sie aus und l\u00f6schen Sie sie.<\/p>\n<p><strong>&#8211; Von Safari:<\/strong> W\u00e4hlen Sie in Ihrem Browser das Men\u00fc Bearbeiten &gt; Einstellungen, klicken Sie auf Sicherheit, klicken Sie auf Cookies anzeigen, w\u00e4hlen Sie sie aus und l\u00f6schen Sie sie, klicken Sie nach dem L\u00f6schen auf Fertig.<\/p>\n<p><strong>&#8211; Von Google Chrome:<\/strong> Klicken Sie auf das Men\u00fcsymbol Extras, w\u00e4hlen Sie Optionen, klicken Sie auf die Registerkarte Erweiterte Optionen und gehen Sie zum Abschnitt Datenschutz, klicken Sie auf die Schaltfl\u00e4che Cookies anzeigen, w\u00e4hlen Sie sie aus und l\u00f6schen Sie sie, klicken Sie auf Schlie\u00dfen, um zu Ihrem Browser zur\u00fcckzukehren.<\/p>\n<p><strong>Anderer Internetbrowser:<\/strong> Konsultieren Sie den f\u00fcr diesen Browser spezifischen Hilfeabschnitt (normalerweise zug\u00e4nglich durch Klicken auf die Registerkarte ? und dann Hilfe oder durch Dr\u00fccken der Taste F1 auf Ihrer Tastatur).<\/p>\n<p><\/p>\t\t\t\t\t\t\t\t<\/div>\n\t\t\t\t<\/div>\n\t\t\t\t\t<\/div>\n\t\t<\/div>\n\t\t\t\t\t<\/div>\n\t\t<\/section>\n\t\t\t\t<\/div>\n\t\t","protected":false},"excerpt":{"rendered":"<p>Durch die Nutzung der unter der Adresse http:\/\/wasteless-group.com\/ zug\u00e4nglichen Website stimmen Sie, Benutzer und Besucher der Website, der Erhebung und Verwendung Ihrer personenbezogenen Daten (im Folgenden die \u201epersonenbezogenen Daten\u201c) unter den beschriebenen Bedingungen zu in dieser Datenschutzerkl\u00e4rung (im Folgenden die \u201eDatenschutzerkl\u00e4rung\u201c).Die Datenschutzrichtlinie beschreibt die Verarbeitung personenbezogener Daten, die von LBX ASIE f\u00fcr seine kommerzielle Website &hellip;<\/p>\n<p class=\"read-more\"> <a class=\"\" href=\"https:\/\/wasteless-group.com\/de\/datenschutz-bestimmungen\/\"> <span class=\"screen-reader-text\">Datenschutz-Bestimmungen<\/span> Weiterlesen &raquo;<\/a><\/p>\n","protected":false},"author":1,"featured_media":0,"parent":0,"menu_order":0,"comment_status":"closed","ping_status":"closed","template":"","meta":{"site-sidebar-layout":"default","site-content-layout":"","ast-site-content-layout":"","site-content-style":"default","site-sidebar-style":"default","ast-global-header-display":"","ast-banner-title-visibility":"","ast-main-header-display":"","ast-hfb-above-header-display":"","ast-hfb-below-header-display":"","ast-hfb-mobile-header-display":"","site-post-title":"","ast-breadcrumbs-content":"","ast-featured-img":"","footer-sml-layout":"","theme-transparent-header-meta":"","adv-header-id-meta":"","stick-header-meta":"","header-above-stick-meta":"","header-main-stick-meta":"","header-below-stick-meta":"","astra-migrate-meta-layouts":"","footnotes":""},"class_list":["post-2557","page","type-page","status-publish","hentry"],"yoast_head":"<!-- This site is optimized with the Yoast SEO plugin v26.6 - https:\/\/yoast.com\/wordpress\/plugins\/seo\/ -->\n<title>Datenschutz-Bestimmungen - Wasteless Group, votre fabricant et fournisseur de produits sur mesure plus \u00e9cologiques<\/title>\n<meta name=\"robots\" content=\"index, follow, max-snippet:-1, max-image-preview:large, max-video-preview:-1\" \/>\n<link rel=\"canonical\" href=\"https:\/\/wasteless-group.com\/de\/datenschutz-bestimmungen\/\" \/>\n<meta property=\"og:locale\" content=\"de_DE\" \/>\n<meta property=\"og:type\" content=\"article\" \/>\n<meta property=\"og:title\" content=\"Datenschutz-Bestimmungen - Wasteless Group, votre fabricant et fournisseur de produits sur mesure plus \u00e9cologiques\" \/>\n<meta property=\"og:description\" content=\"Durch die Nutzung der unter der Adresse http:\/\/wasteless-group.com\/ zug\u00e4nglichen Website stimmen Sie, Benutzer und Besucher der Website, der Erhebung und Verwendung Ihrer personenbezogenen Daten (im Folgenden die \u201epersonenbezogenen Daten\u201c) unter den beschriebenen Bedingungen zu in dieser Datenschutzerkl\u00e4rung (im Folgenden die \u201eDatenschutzerkl\u00e4rung\u201c).Die Datenschutzrichtlinie beschreibt die Verarbeitung personenbezogener Daten, die von LBX ASIE f\u00fcr seine kommerzielle Website &hellip; Datenschutz-Bestimmungen Weiterlesen &raquo;\" \/>\n<meta property=\"og:url\" content=\"https:\/\/wasteless-group.com\/de\/datenschutz-bestimmungen\/\" \/>\n<meta property=\"og:site_name\" content=\"Wasteless Group, votre fabricant et fournisseur de produits sur mesure plus \u00e9cologiques\" \/>\n<meta property=\"article:modified_time\" content=\"2022-12-01T09:53:42+00:00\" \/>\n<meta name=\"twitter:card\" content=\"summary_large_image\" \/>\n<meta name=\"twitter:label1\" content=\"Gesch\u00e4tzte Lesezeit\" \/>\n\t<meta name=\"twitter:data1\" content=\"6 Minuten\" \/>\n<script type=\"application\/ld+json\" class=\"yoast-schema-graph\">{\"@context\":\"https:\/\/schema.org\",\"@graph\":[{\"@type\":\"WebPage\",\"@id\":\"https:\/\/wasteless-group.com\/de\/datenschutz-bestimmungen\/\",\"url\":\"https:\/\/wasteless-group.com\/de\/datenschutz-bestimmungen\/\",\"name\":\"Datenschutz-Bestimmungen - Wasteless Group, votre fabricant et fournisseur de produits sur mesure plus \u00e9cologiques\",\"isPartOf\":{\"@id\":\"https:\/\/wasteless-group.com\/de\/#website\"},\"datePublished\":\"2020-11-27T08:53:27+00:00\",\"dateModified\":\"2022-12-01T09:53:42+00:00\",\"breadcrumb\":{\"@id\":\"https:\/\/wasteless-group.com\/de\/datenschutz-bestimmungen\/#breadcrumb\"},\"inLanguage\":\"de-DE\",\"potentialAction\":[{\"@type\":\"ReadAction\",\"target\":[\"https:\/\/wasteless-group.com\/de\/datenschutz-bestimmungen\/\"]}]},{\"@type\":\"BreadcrumbList\",\"@id\":\"https:\/\/wasteless-group.com\/de\/datenschutz-bestimmungen\/#breadcrumb\",\"itemListElement\":[{\"@type\":\"ListItem\",\"position\":1,\"name\":\"Accueil\",\"item\":\"https:\/\/wasteless-group.com\/de\/\"},{\"@type\":\"ListItem\",\"position\":2,\"name\":\"Datenschutz-Bestimmungen\"}]},{\"@type\":\"WebSite\",\"@id\":\"https:\/\/wasteless-group.com\/de\/#website\",\"url\":\"https:\/\/wasteless-group.com\/de\/\",\"name\":\"Wasteless Group\",\"description\":\"Wasteless Group, votre fabricant et fournisseur de produits sur mesure plus \u00e9cologiques\",\"publisher\":{\"@id\":\"https:\/\/wasteless-group.com\/de\/#organization\"},\"potentialAction\":[{\"@type\":\"SearchAction\",\"target\":{\"@type\":\"EntryPoint\",\"urlTemplate\":\"https:\/\/wasteless-group.com\/de\/?s={search_term_string}\"},\"query-input\":{\"@type\":\"PropertyValueSpecification\",\"valueRequired\":true,\"valueName\":\"search_term_string\"}}],\"inLanguage\":\"de-DE\"},{\"@type\":\"Organization\",\"@id\":\"https:\/\/wasteless-group.com\/de\/#organization\",\"name\":\"Wasteless Group\",\"url\":\"https:\/\/wasteless-group.com\/de\/\",\"logo\":{\"@type\":\"ImageObject\",\"inLanguage\":\"de-DE\",\"@id\":\"https:\/\/wasteless-group.com\/de\/#\/schema\/logo\/image\/\",\"url\":\"https:\/\/wasteless-group.com\/wp-content\/uploads\/2023\/07\/Logo-WG-Vert.png\",\"contentUrl\":\"https:\/\/wasteless-group.com\/wp-content\/uploads\/2023\/07\/Logo-WG-Vert.png\",\"width\":400,\"height\":138,\"caption\":\"Wasteless Group\"},\"image\":{\"@id\":\"https:\/\/wasteless-group.com\/de\/#\/schema\/logo\/image\/\"},\"sameAs\":[\"https:\/\/www.linkedin.com\/company\/wasteless-group\/\"]}]}<\/script>\n<!-- \/ Yoast SEO plugin. -->","yoast_head_json":{"title":"Datenschutz-Bestimmungen - Wasteless Group, votre fabricant et fournisseur de produits sur mesure plus \u00e9cologiques","robots":{"index":"index","follow":"follow","max-snippet":"max-snippet:-1","max-image-preview":"max-image-preview:large","max-video-preview":"max-video-preview:-1"},"canonical":"https:\/\/wasteless-group.com\/de\/datenschutz-bestimmungen\/","og_locale":"de_DE","og_type":"article","og_title":"Datenschutz-Bestimmungen - Wasteless Group, votre fabricant et fournisseur de produits sur mesure plus \u00e9cologiques","og_description":"Durch die Nutzung der unter der Adresse http:\/\/wasteless-group.com\/ zug\u00e4nglichen Website stimmen Sie, Benutzer und Besucher der Website, der Erhebung und Verwendung Ihrer personenbezogenen Daten (im Folgenden die \u201epersonenbezogenen Daten\u201c) unter den beschriebenen Bedingungen zu in dieser Datenschutzerkl\u00e4rung (im Folgenden die \u201eDatenschutzerkl\u00e4rung\u201c).Die Datenschutzrichtlinie beschreibt die Verarbeitung personenbezogener Daten, die von LBX ASIE f\u00fcr seine kommerzielle Website &hellip; Datenschutz-Bestimmungen Weiterlesen &raquo;","og_url":"https:\/\/wasteless-group.com\/de\/datenschutz-bestimmungen\/","og_site_name":"Wasteless Group, votre fabricant et fournisseur de produits sur mesure plus \u00e9cologiques","article_modified_time":"2022-12-01T09:53:42+00:00","twitter_card":"summary_large_image","twitter_misc":{"Gesch\u00e4tzte Lesezeit":"6 Minuten"},"schema":{"@context":"https:\/\/schema.org","@graph":[{"@type":"WebPage","@id":"https:\/\/wasteless-group.com\/de\/datenschutz-bestimmungen\/","url":"https:\/\/wasteless-group.com\/de\/datenschutz-bestimmungen\/","name":"Datenschutz-Bestimmungen - Wasteless Group, votre fabricant et fournisseur de produits sur mesure plus \u00e9cologiques","isPartOf":{"@id":"https:\/\/wasteless-group.com\/de\/#website"},"datePublished":"2020-11-27T08:53:27+00:00","dateModified":"2022-12-01T09:53:42+00:00","breadcrumb":{"@id":"https:\/\/wasteless-group.com\/de\/datenschutz-bestimmungen\/#breadcrumb"},"inLanguage":"de-DE","potentialAction":[{"@type":"ReadAction","target":["https:\/\/wasteless-group.com\/de\/datenschutz-bestimmungen\/"]}]},{"@type":"BreadcrumbList","@id":"https:\/\/wasteless-group.com\/de\/datenschutz-bestimmungen\/#breadcrumb","itemListElement":[{"@type":"ListItem","position":1,"name":"Accueil","item":"https:\/\/wasteless-group.com\/de\/"},{"@type":"ListItem","position":2,"name":"Datenschutz-Bestimmungen"}]},{"@type":"WebSite","@id":"https:\/\/wasteless-group.com\/de\/#website","url":"https:\/\/wasteless-group.com\/de\/","name":"Wasteless Group","description":"Wasteless Group, votre fabricant et fournisseur de produits sur mesure plus \u00e9cologiques","publisher":{"@id":"https:\/\/wasteless-group.com\/de\/#organization"},"potentialAction":[{"@type":"SearchAction","target":{"@type":"EntryPoint","urlTemplate":"https:\/\/wasteless-group.com\/de\/?s={search_term_string}"},"query-input":{"@type":"PropertyValueSpecification","valueRequired":true,"valueName":"search_term_string"}}],"inLanguage":"de-DE"},{"@type":"Organization","@id":"https:\/\/wasteless-group.com\/de\/#organization","name":"Wasteless Group","url":"https:\/\/wasteless-group.com\/de\/","logo":{"@type":"ImageObject","inLanguage":"de-DE","@id":"https:\/\/wasteless-group.com\/de\/#\/schema\/logo\/image\/","url":"https:\/\/wasteless-group.com\/wp-content\/uploads\/2023\/07\/Logo-WG-Vert.png","contentUrl":"https:\/\/wasteless-group.com\/wp-content\/uploads\/2023\/07\/Logo-WG-Vert.png","width":400,"height":138,"caption":"Wasteless Group"},"image":{"@id":"https:\/\/wasteless-group.com\/de\/#\/schema\/logo\/image\/"},"sameAs":["https:\/\/www.linkedin.com\/company\/wasteless-group\/"]}]}},"_links":{"self":[{"href":"https:\/\/wasteless-group.com\/de\/wp-json\/wp\/v2\/pages\/2557","targetHints":{"allow":["GET"]}}],"collection":[{"href":"https:\/\/wasteless-group.com\/de\/wp-json\/wp\/v2\/pages"}],"about":[{"href":"https:\/\/wasteless-group.com\/de\/wp-json\/wp\/v2\/types\/page"}],"author":[{"embeddable":true,"href":"https:\/\/wasteless-group.com\/de\/wp-json\/wp\/v2\/users\/1"}],"replies":[{"embeddable":true,"href":"https:\/\/wasteless-group.com\/de\/wp-json\/wp\/v2\/comments?post=2557"}],"version-history":[{"count":0,"href":"https:\/\/wasteless-group.com\/de\/wp-json\/wp\/v2\/pages\/2557\/revisions"}],"wp:attachment":[{"href":"https:\/\/wasteless-group.com\/de\/wp-json\/wp\/v2\/media?parent=2557"}],"curies":[{"name":"wp","href":"https:\/\/api.w.org\/{rel}","templated":true}]}}