{"id":3631,"date":"2022-11-16T11:05:20","date_gmt":"2022-11-16T10:05:20","guid":{"rendered":"https:\/\/wibi-workwear.com\/?page_id=3631"},"modified":"2023-01-17T16:02:58","modified_gmt":"2023-01-17T15:02:58","slug":"leistungen","status":"publish","type":"page","link":"https:\/\/wasteless-group.com\/de\/leistungen\/","title":{"rendered":"Unsere Leistungen"},"content":{"rendered":"\t\t<div data-elementor-type=\"wp-page\" data-elementor-id=\"3631\" class=\"elementor elementor-3631\">\n\t\t\t\t\t\t<section class=\"elementor-section elementor-top-section elementor-element elementor-element-d4ccb7c elementor-section-boxed elementor-section-height-default elementor-section-height-default\" data-id=\"d4ccb7c\" data-element_type=\"section\">\n\t\t\t\t\t\t<div class=\"elementor-container elementor-column-gap-default\">\n\t\t\t\t\t<div class=\"elementor-column elementor-col-100 elementor-top-column elementor-element elementor-element-14710a3\" data-id=\"14710a3\" data-element_type=\"column\">\n\t\t\t<div class=\"elementor-widget-wrap elementor-element-populated\">\n\t\t\t\t\t\t<div class=\"elementor-element elementor-element-8f6da01 elementor-widget elementor-widget-spacer\" data-id=\"8f6da01\" data-element_type=\"widget\" data-widget_type=\"spacer.default\">\n\t\t\t\t<div class=\"elementor-widget-container\">\n\t\t\t\t\t\t\t<div class=\"elementor-spacer\">\n\t\t\t<div class=\"elementor-spacer-inner\"><\/div>\n\t\t<\/div>\n\t\t\t\t\t\t<\/div>\n\t\t\t\t<\/div>\n\t\t\t\t\t<\/div>\n\t\t<\/div>\n\t\t\t\t\t<\/div>\n\t\t<\/section>\n\t\t\t\t<section class=\"elementor-section elementor-top-section elementor-element elementor-element-b36d7c7 elementor-section-stretched elementor-section-boxed elementor-section-height-default elementor-section-height-default\" data-id=\"b36d7c7\" data-element_type=\"section\" data-settings=\"{&quot;stretch_section&quot;:&quot;section-stretched&quot;}\">\n\t\t\t\t\t\t<div class=\"elementor-container elementor-column-gap-wide\">\n\t\t\t\t\t<div class=\"elementor-column elementor-col-20 elementor-top-column elementor-element elementor-element-28fa171\" data-id=\"28fa171\" data-element_type=\"column\" data-settings=\"{&quot;background_background&quot;:&quot;classic&quot;}\">\n\t\t\t<div class=\"elementor-widget-wrap elementor-element-populated\">\n\t\t\t\t\t\t<div class=\"elementor-element elementor-element-d47763b elementor-widget elementor-widget-heading\" data-id=\"d47763b\" data-element_type=\"widget\" data-widget_type=\"heading.default\">\n\t\t\t\t<div class=\"elementor-widget-container\">\n\t\t\t\t\t<h2 class=\"elementor-heading-title elementor-size-default\">Auswahl des besten Lieferanten f\u00fcr Ihr Produkt<\/h2>\t\t\t\t<\/div>\n\t\t\t\t<\/div>\n\t\t\t\t<div class=\"elementor-element elementor-element-f652833 elementor-widget elementor-widget-text-editor\" data-id=\"f652833\" data-element_type=\"widget\" data-widget_type=\"text-editor.default\">\n\t\t\t\t<div class=\"elementor-widget-container\">\n\t\t\t\t\t\t\t\t\t<p><strong>Dank unserer Teams k\u00f6nnen Sie Ihre Versorgungsprojekte in aller Ruhe durchf\u00fchren!<\/strong><\/p><p>Wir pr\u00fcfen zun\u00e4chst die verschiedenen m\u00f6glichen Liefergebiete nach Ihren Bed\u00fcrfnissen und Anforderungen: Europa, Asien (China, Vietnam etc.) etc.<\/p><p>Anschlie\u00dfend w\u00e4hlen wir die qualifiziertesten und wettbewerbsf\u00e4higsten Akteure der Branche aus. Wir ber\u00fccksichtigen insbesondere ihre Produktionsbedingungen, um den Respekt f\u00fcr Mensch und Umwelt zu gew\u00e4hrleisten. Dabei k\u00f6nnen wir uns auch auf international anerkannte Zertifizierungen (FSC, OEXO-TEX, GOTS etc.) verlassen.<\/p><p>Abschlie\u00dfend erhalten Sie Muster oder Prototypen zur Auswahl. Nach Verhandlungen mit den ausgew\u00e4hlten Lieferanten senden wir Ihnen das beste Angebot.<\/p>\t\t\t\t\t\t\t\t<\/div>\n\t\t\t\t<\/div>\n\t\t\t\t\t<\/div>\n\t\t<\/div>\n\t\t\t\t<div class=\"elementor-column elementor-col-20 elementor-top-column elementor-element elementor-element-84f500d\" data-id=\"84f500d\" data-element_type=\"column\">\n\t\t\t<div class=\"elementor-widget-wrap\">\n\t\t\t\t\t\t\t<\/div>\n\t\t<\/div>\n\t\t\t\t<div class=\"elementor-column elementor-col-20 elementor-top-column elementor-element elementor-element-f8d2086\" data-id=\"f8d2086\" data-element_type=\"column\" data-settings=\"{&quot;background_background&quot;:&quot;classic&quot;}\">\n\t\t\t<div class=\"elementor-widget-wrap elementor-element-populated\">\n\t\t\t\t\t\t<div class=\"elementor-element elementor-element-01ddd38 elementor-widget elementor-widget-heading\" data-id=\"01ddd38\" data-element_type=\"widget\" data-widget_type=\"heading.default\">\n\t\t\t\t<div class=\"elementor-widget-container\">\n\t\t\t\t\t<h2 class=\"elementor-heading-title elementor-size-default\">Durchf\u00fchrung von Qualit\u00e4tskontrollen<\/h2>\t\t\t\t<\/div>\n\t\t\t\t<\/div>\n\t\t\t\t<div class=\"elementor-element elementor-element-5fea849 elementor-widget elementor-widget-text-editor\" data-id=\"5fea849\" data-element_type=\"widget\" data-widget_type=\"text-editor.default\">\n\t\t\t\t<div class=\"elementor-widget-container\">\n\t\t\t\t\t\t\t\t\t<p><strong>Seien Sie versichert, wir stehen Ihnen zur Seite, um Ihnen die beste Qualit\u00e4t zu garantieren.<\/strong><\/p><p>Unsere Teams sind Ihre Vertreter in den Werken. Dank unserer regelm\u00e4\u00dfigen Besuche bei Lieferanten \u00fcberpr\u00fcfen wir die Konformit\u00e4t des Produkts w\u00e4hrend des gesamten Herstellungsprozesses. Wir pr\u00fcfen auch, ob der Ladevorgang korrekt durchgef\u00fchrt wurde.<\/p><p>W\u00e4hlen Sie mit uns das beste Preis-Leistungs-Verh\u00e4ltnis!<\/p>\t\t\t\t\t\t\t\t<\/div>\n\t\t\t\t<\/div>\n\t\t\t\t\t<\/div>\n\t\t<\/div>\n\t\t\t\t<div class=\"elementor-column elementor-col-20 elementor-top-column elementor-element elementor-element-1730943\" data-id=\"1730943\" data-element_type=\"column\">\n\t\t\t<div class=\"elementor-widget-wrap\">\n\t\t\t\t\t\t\t<\/div>\n\t\t<\/div>\n\t\t\t\t<div class=\"elementor-column elementor-col-20 elementor-top-column elementor-element elementor-element-73148b2\" data-id=\"73148b2\" data-element_type=\"column\" data-settings=\"{&quot;background_background&quot;:&quot;classic&quot;}\">\n\t\t\t<div class=\"elementor-widget-wrap elementor-element-populated\">\n\t\t\t\t\t\t<div class=\"elementor-element elementor-element-dbe2f2c elementor-widget elementor-widget-heading\" data-id=\"dbe2f2c\" data-element_type=\"widget\" data-widget_type=\"heading.default\">\n\t\t\t\t<div class=\"elementor-widget-container\">\n\t\t\t\t\t<h2 class=\"elementor-heading-title elementor-size-default\">\u00dcberwachung von Betrieb und Logistik<\/h2>\t\t\t\t<\/div>\n\t\t\t\t<\/div>\n\t\t\t\t<div class=\"elementor-element elementor-element-949be96 elementor-widget elementor-widget-text-editor\" data-id=\"949be96\" data-element_type=\"widget\" data-widget_type=\"text-editor.default\">\n\t\t\t\t<div class=\"elementor-widget-container\">\n\t\t\t\t\t\t\t\t\t<p><strong>Vom Design bis zur Auslieferung Ihrer Produkte: Wir erwecken Ihre Ideen zum Leben!<\/strong><\/p><p>Nachdem wir mit der ausgew\u00e4hlten Fabrik die besten Preise und Zahlungsbedingungen ausgehandelt haben, f\u00fchren wir die Nachverfolgung der Herstellung und die Qualit\u00e4tskontrolle Ihrer Artikel durch. Wir achten darauf, dass die Fristen eingehalten werden, Sie werden regelm\u00e4\u00dfig informiert.<\/p><p>Mit unseren Speditionspartnern organisieren wir die Lieferung Ihrer Produkte an die von Ihnen festgelegte Lieferadresse. Zu unserem Service geh\u00f6ren selbstverst\u00e4ndlich auch die Zollformalit\u00e4ten.<\/p><p>Wenn Sie es w\u00fcnschen, haben wir die M\u00f6glichkeit, einige Ihrer Produkte zu lagern und zu unterschiedlichen Zeiten und\/oder an mehrere Standorte zu liefern.<\/p><p>Wir k\u00f6nnen auch vor der Lieferung eine personalisierte Veredelung in Frankreich vornehmen (Druck, Stickerei usw.).<\/p>\t\t\t\t\t\t\t\t<\/div>\n\t\t\t\t<\/div>\n\t\t\t\t\t<\/div>\n\t\t<\/div>\n\t\t\t\t\t<\/div>\n\t\t<\/section>\n\t\t\t\t<section class=\"elementor-section elementor-top-section elementor-element elementor-element-a00662a elementor-section-boxed elementor-section-height-default elementor-section-height-default\" data-id=\"a00662a\" data-element_type=\"section\">\n\t\t\t\t\t\t<div class=\"elementor-container elementor-column-gap-default\">\n\t\t\t\t\t<div class=\"elementor-column elementor-col-100 elementor-top-column elementor-element elementor-element-6fc41be\" data-id=\"6fc41be\" data-element_type=\"column\">\n\t\t\t<div class=\"elementor-widget-wrap elementor-element-populated\">\n\t\t\t\t\t\t<div class=\"elementor-element elementor-element-4903fa6 elementor-widget elementor-widget-spacer\" data-id=\"4903fa6\" data-element_type=\"widget\" data-widget_type=\"spacer.default\">\n\t\t\t\t<div class=\"elementor-widget-container\">\n\t\t\t\t\t\t\t<div class=\"elementor-spacer\">\n\t\t\t<div class=\"elementor-spacer-inner\"><\/div>\n\t\t<\/div>\n\t\t\t\t\t\t<\/div>\n\t\t\t\t<\/div>\n\t\t\t\t<div class=\"elementor-element elementor-element-30335ca elementor-align-center elementor-widget elementor-widget-button\" data-id=\"30335ca\" data-element_type=\"widget\" data-widget_type=\"button.default\">\n\t\t\t\t<div class=\"elementor-widget-container\">\n\t\t\t\t\t\t\t\t\t<div class=\"elementor-button-wrapper\">\n\t\t\t\t\t<a class=\"elementor-button elementor-button-link elementor-size-md\" href=\"\">\n\t\t\t\t\t\t<span class=\"elementor-button-content-wrapper\">\n\t\t\t\t\t\t\t\t\t<span class=\"elementor-button-text\">Vereinbaren Sie einen Termin mit unseren Experten<\/span>\n\t\t\t\t\t<\/span>\n\t\t\t\t\t<\/a>\n\t\t\t\t<\/div>\n\t\t\t\t\t\t\t\t<\/div>\n\t\t\t\t<\/div>\n\t\t\t\t<div class=\"elementor-element elementor-element-6ee4b51 elementor-widget elementor-widget-spacer\" data-id=\"6ee4b51\" data-element_type=\"widget\" data-widget_type=\"spacer.default\">\n\t\t\t\t<div class=\"elementor-widget-container\">\n\t\t\t\t\t\t\t<div class=\"elementor-spacer\">\n\t\t\t<div class=\"elementor-spacer-inner\"><\/div>\n\t\t<\/div>\n\t\t\t\t\t\t<\/div>\n\t\t\t\t<\/div>\n\t\t\t\t\t<\/div>\n\t\t<\/div>\n\t\t\t\t\t<\/div>\n\t\t<\/section>\n\t\t\t\t<\/div>\n\t\t","protected":false},"excerpt":{"rendered":"<p>Auswahl des besten Lieferanten f\u00fcr Ihr Produkt Dank unserer Teams k\u00f6nnen Sie Ihre Versorgungsprojekte in aller Ruhe durchf\u00fchren! Wir pr\u00fcfen zun\u00e4chst die verschiedenen m\u00f6glichen Liefergebiete nach Ihren Bed\u00fcrfnissen und Anforderungen: Europa, Asien (China, Vietnam etc.) etc. Anschlie\u00dfend w\u00e4hlen wir die qualifiziertesten und wettbewerbsf\u00e4higsten Akteure der Branche aus. Wir ber\u00fccksichtigen insbesondere ihre Produktionsbedingungen, um den Respekt &hellip;<\/p>\n<p class=\"read-more\"> <a class=\"\" href=\"https:\/\/wasteless-group.com\/de\/leistungen\/\"> <span class=\"screen-reader-text\">Unsere Leistungen<\/span> Weiterlesen &raquo;<\/a><\/p>\n","protected":false},"author":1,"featured_media":0,"parent":0,"menu_order":0,"comment_status":"closed","ping_status":"closed","template":"","meta":{"site-sidebar-layout":"no-sidebar","site-content-layout":"page-builder","ast-site-content-layout":"full-width-container","site-content-style":"unboxed","site-sidebar-style":"unboxed","ast-global-header-display":"","ast-banner-title-visibility":"","ast-main-header-display":"","ast-hfb-above-header-display":"","ast-hfb-below-header-display":"","ast-hfb-mobile-header-display":"","site-post-title":"disabled","ast-breadcrumbs-content":"","ast-featured-img":"disabled","footer-sml-layout":"","theme-transparent-header-meta":"","adv-header-id-meta":"","stick-header-meta":"","header-above-stick-meta":"","header-main-stick-meta":"","header-below-stick-meta":"","astra-migrate-meta-layouts":"","footnotes":""},"class_list":["post-3631","page","type-page","status-publish","hentry"],"yoast_head":"<!-- This site is optimized with the Yoast SEO plugin v26.6 - https:\/\/yoast.com\/wordpress\/plugins\/seo\/ -->\n<title>Ihr Einkaufstaschen-, Verpackungs-, Textil- und Goodies-Hersteller<\/title>\n<meta name=\"description\" content=\"Suchen Sie nach \u00f6kologischeren personalisierten Taschen, Lebensmittelverpackungen, Textilartikeln oder Leckereien? Wir erstellen sie f\u00fcr Sie!\" \/>\n<meta name=\"robots\" content=\"index, follow, max-snippet:-1, max-image-preview:large, max-video-preview:-1\" \/>\n<link rel=\"canonical\" href=\"https:\/\/wasteless-group.com\/de\/leistungen\/\" \/>\n<meta property=\"og:locale\" content=\"de_DE\" \/>\n<meta property=\"og:type\" content=\"article\" \/>\n<meta property=\"og:title\" content=\"Ihr Einkaufstaschen-, Verpackungs-, Textil- und Goodies-Hersteller\" \/>\n<meta property=\"og:description\" content=\"Suchen Sie nach \u00f6kologischeren personalisierten Taschen, Lebensmittelverpackungen, Textilartikeln oder Leckereien? Wir erstellen sie f\u00fcr Sie!\" \/>\n<meta property=\"og:url\" content=\"https:\/\/wasteless-group.com\/de\/leistungen\/\" \/>\n<meta property=\"og:site_name\" content=\"Wasteless Group, votre fabricant et fournisseur de produits sur mesure plus \u00e9cologiques\" \/>\n<meta property=\"article:modified_time\" content=\"2023-01-17T15:02:58+00:00\" \/>\n<meta property=\"og:image\" content=\"https:\/\/wasteless-group.com\/wp-content\/uploads\/2022\/11\/IMG_20220218_120304_1-modif-1-1-scaled.jpg\" \/>\n\t<meta property=\"og:image:width\" content=\"2560\" \/>\n\t<meta property=\"og:image:height\" content=\"1181\" \/>\n\t<meta property=\"og:image:type\" content=\"image\/jpeg\" \/>\n<meta name=\"twitter:card\" content=\"summary_large_image\" \/>\n<meta name=\"twitter:label1\" content=\"Gesch\u00e4tzte Lesezeit\" \/>\n\t<meta name=\"twitter:data1\" content=\"2 Minuten\" \/>\n<script type=\"application\/ld+json\" class=\"yoast-schema-graph\">{\"@context\":\"https:\/\/schema.org\",\"@graph\":[{\"@type\":\"WebPage\",\"@id\":\"https:\/\/wasteless-group.com\/de\/leistungen\/\",\"url\":\"https:\/\/wasteless-group.com\/de\/leistungen\/\",\"name\":\"Ihr Einkaufstaschen-, Verpackungs-, Textil- und Goodies-Hersteller\",\"isPartOf\":{\"@id\":\"https:\/\/wasteless-group.com\/de\/#website\"},\"datePublished\":\"2022-11-16T10:05:20+00:00\",\"dateModified\":\"2023-01-17T15:02:58+00:00\",\"description\":\"Suchen Sie nach \u00f6kologischeren personalisierten Taschen, Lebensmittelverpackungen, Textilartikeln oder Leckereien? Wir erstellen sie f\u00fcr Sie!\",\"breadcrumb\":{\"@id\":\"https:\/\/wasteless-group.com\/de\/leistungen\/#breadcrumb\"},\"inLanguage\":\"de-DE\",\"potentialAction\":[{\"@type\":\"ReadAction\",\"target\":[\"https:\/\/wasteless-group.com\/de\/leistungen\/\"]}]},{\"@type\":\"BreadcrumbList\",\"@id\":\"https:\/\/wasteless-group.com\/de\/leistungen\/#breadcrumb\",\"itemListElement\":[{\"@type\":\"ListItem\",\"position\":1,\"name\":\"Accueil\",\"item\":\"https:\/\/wasteless-group.com\/de\/\"},{\"@type\":\"ListItem\",\"position\":2,\"name\":\"Unsere Leistungen\"}]},{\"@type\":\"WebSite\",\"@id\":\"https:\/\/wasteless-group.com\/de\/#website\",\"url\":\"https:\/\/wasteless-group.com\/de\/\",\"name\":\"Wasteless Group\",\"description\":\"Wasteless Group, votre fabricant et fournisseur de produits sur mesure plus \u00e9cologiques\",\"publisher\":{\"@id\":\"https:\/\/wasteless-group.com\/de\/#organization\"},\"potentialAction\":[{\"@type\":\"SearchAction\",\"target\":{\"@type\":\"EntryPoint\",\"urlTemplate\":\"https:\/\/wasteless-group.com\/de\/?s={search_term_string}\"},\"query-input\":{\"@type\":\"PropertyValueSpecification\",\"valueRequired\":true,\"valueName\":\"search_term_string\"}}],\"inLanguage\":\"de-DE\"},{\"@type\":\"Organization\",\"@id\":\"https:\/\/wasteless-group.com\/de\/#organization\",\"name\":\"Wasteless Group\",\"url\":\"https:\/\/wasteless-group.com\/de\/\",\"logo\":{\"@type\":\"ImageObject\",\"inLanguage\":\"de-DE\",\"@id\":\"https:\/\/wasteless-group.com\/de\/#\/schema\/logo\/image\/\",\"url\":\"https:\/\/wasteless-group.com\/wp-content\/uploads\/2023\/07\/Logo-WG-Vert.png\",\"contentUrl\":\"https:\/\/wasteless-group.com\/wp-content\/uploads\/2023\/07\/Logo-WG-Vert.png\",\"width\":400,\"height\":138,\"caption\":\"Wasteless Group\"},\"image\":{\"@id\":\"https:\/\/wasteless-group.com\/de\/#\/schema\/logo\/image\/\"},\"sameAs\":[\"https:\/\/www.linkedin.com\/company\/wasteless-group\/\"]}]}<\/script>\n<!-- \/ Yoast SEO plugin. -->","yoast_head_json":{"title":"Ihr Einkaufstaschen-, Verpackungs-, Textil- und Goodies-Hersteller","description":"Suchen Sie nach \u00f6kologischeren personalisierten Taschen, Lebensmittelverpackungen, Textilartikeln oder Leckereien? Wir erstellen sie f\u00fcr Sie!","robots":{"index":"index","follow":"follow","max-snippet":"max-snippet:-1","max-image-preview":"max-image-preview:large","max-video-preview":"max-video-preview:-1"},"canonical":"https:\/\/wasteless-group.com\/de\/leistungen\/","og_locale":"de_DE","og_type":"article","og_title":"Ihr Einkaufstaschen-, Verpackungs-, Textil- und Goodies-Hersteller","og_description":"Suchen Sie nach \u00f6kologischeren personalisierten Taschen, Lebensmittelverpackungen, Textilartikeln oder Leckereien? Wir erstellen sie f\u00fcr Sie!","og_url":"https:\/\/wasteless-group.com\/de\/leistungen\/","og_site_name":"Wasteless Group, votre fabricant et fournisseur de produits sur mesure plus \u00e9cologiques","article_modified_time":"2023-01-17T15:02:58+00:00","og_image":[{"width":2560,"height":1181,"url":"https:\/\/wasteless-group.com\/wp-content\/uploads\/2022\/11\/IMG_20220218_120304_1-modif-1-1-scaled.jpg","type":"image\/jpeg"}],"twitter_card":"summary_large_image","twitter_misc":{"Gesch\u00e4tzte Lesezeit":"2 Minuten"},"schema":{"@context":"https:\/\/schema.org","@graph":[{"@type":"WebPage","@id":"https:\/\/wasteless-group.com\/de\/leistungen\/","url":"https:\/\/wasteless-group.com\/de\/leistungen\/","name":"Ihr Einkaufstaschen-, Verpackungs-, Textil- und Goodies-Hersteller","isPartOf":{"@id":"https:\/\/wasteless-group.com\/de\/#website"},"datePublished":"2022-11-16T10:05:20+00:00","dateModified":"2023-01-17T15:02:58+00:00","description":"Suchen Sie nach \u00f6kologischeren personalisierten Taschen, Lebensmittelverpackungen, Textilartikeln oder Leckereien? Wir erstellen sie f\u00fcr Sie!","breadcrumb":{"@id":"https:\/\/wasteless-group.com\/de\/leistungen\/#breadcrumb"},"inLanguage":"de-DE","potentialAction":[{"@type":"ReadAction","target":["https:\/\/wasteless-group.com\/de\/leistungen\/"]}]},{"@type":"BreadcrumbList","@id":"https:\/\/wasteless-group.com\/de\/leistungen\/#breadcrumb","itemListElement":[{"@type":"ListItem","position":1,"name":"Accueil","item":"https:\/\/wasteless-group.com\/de\/"},{"@type":"ListItem","position":2,"name":"Unsere Leistungen"}]},{"@type":"WebSite","@id":"https:\/\/wasteless-group.com\/de\/#website","url":"https:\/\/wasteless-group.com\/de\/","name":"Wasteless Group","description":"Wasteless Group, votre fabricant et fournisseur de produits sur mesure plus \u00e9cologiques","publisher":{"@id":"https:\/\/wasteless-group.com\/de\/#organization"},"potentialAction":[{"@type":"SearchAction","target":{"@type":"EntryPoint","urlTemplate":"https:\/\/wasteless-group.com\/de\/?s={search_term_string}"},"query-input":{"@type":"PropertyValueSpecification","valueRequired":true,"valueName":"search_term_string"}}],"inLanguage":"de-DE"},{"@type":"Organization","@id":"https:\/\/wasteless-group.com\/de\/#organization","name":"Wasteless Group","url":"https:\/\/wasteless-group.com\/de\/","logo":{"@type":"ImageObject","inLanguage":"de-DE","@id":"https:\/\/wasteless-group.com\/de\/#\/schema\/logo\/image\/","url":"https:\/\/wasteless-group.com\/wp-content\/uploads\/2023\/07\/Logo-WG-Vert.png","contentUrl":"https:\/\/wasteless-group.com\/wp-content\/uploads\/2023\/07\/Logo-WG-Vert.png","width":400,"height":138,"caption":"Wasteless Group"},"image":{"@id":"https:\/\/wasteless-group.com\/de\/#\/schema\/logo\/image\/"},"sameAs":["https:\/\/www.linkedin.com\/company\/wasteless-group\/"]}]}},"_links":{"self":[{"href":"https:\/\/wasteless-group.com\/de\/wp-json\/wp\/v2\/pages\/3631","targetHints":{"allow":["GET"]}}],"collection":[{"href":"https:\/\/wasteless-group.com\/de\/wp-json\/wp\/v2\/pages"}],"about":[{"href":"https:\/\/wasteless-group.com\/de\/wp-json\/wp\/v2\/types\/page"}],"author":[{"embeddable":true,"href":"https:\/\/wasteless-group.com\/de\/wp-json\/wp\/v2\/users\/1"}],"replies":[{"embeddable":true,"href":"https:\/\/wasteless-group.com\/de\/wp-json\/wp\/v2\/comments?post=3631"}],"version-history":[{"count":0,"href":"https:\/\/wasteless-group.com\/de\/wp-json\/wp\/v2\/pages\/3631\/revisions"}],"wp:attachment":[{"href":"https:\/\/wasteless-group.com\/de\/wp-json\/wp\/v2\/media?parent=3631"}],"curies":[{"name":"wp","href":"https:\/\/api.w.org\/{rel}","templated":true}]}}