{"id":4031,"date":"2022-11-14T14:12:57","date_gmt":"2022-11-14T13:12:57","guid":{"rendered":"https:\/\/wibi-workwear.com\/?page_id=4031"},"modified":"2023-01-17T15:31:25","modified_gmt":"2023-01-17T14:31:25","slug":"industrie","status":"publish","type":"page","link":"https:\/\/wasteless-group.com\/de\/industrie\/","title":{"rendered":"Industrie"},"content":{"rendered":"\t\t<div data-elementor-type=\"wp-page\" data-elementor-id=\"4031\" class=\"elementor elementor-4031\">\n\t\t\t\t\t\t<section class=\"elementor-section elementor-top-section elementor-element elementor-element-51441b7b elementor-section-boxed elementor-section-height-default elementor-section-height-default\" data-id=\"51441b7b\" data-element_type=\"section\">\n\t\t\t\t\t\t<div class=\"elementor-container elementor-column-gap-default\">\n\t\t\t\t\t<div class=\"elementor-column elementor-col-100 elementor-top-column elementor-element elementor-element-783677be\" data-id=\"783677be\" data-element_type=\"column\">\n\t\t\t<div class=\"elementor-widget-wrap elementor-element-populated\">\n\t\t\t\t\t\t<div class=\"elementor-element elementor-element-1018e5b1 elementor-widget elementor-widget-text-editor\" data-id=\"1018e5b1\" data-element_type=\"widget\" data-widget_type=\"text-editor.default\">\n\t\t\t\t<div class=\"elementor-widget-container\">\n\t\t\t\t\t\t\t\t\t\n<div id=\"wp-block-themeisle-blocks-advanced-columns-09f412f4\" class=\"wp-block-themeisle-blocks-advanced-columns has-0-columns has-desktop-undefined-layout has-tablet-equal-layout has-mobile-equal-layout has-vertical-unset\"><div class=\"wp-block-themeisle-blocks-advanced-columns-overlay\"><\/div><div class=\"innerblocks-wrap\"><\/div><\/div>\n\t\t\t\t\t\t\t\t<\/div>\n\t\t\t\t<\/div>\n\t\t\t\t\t<\/div>\n\t\t<\/div>\n\t\t\t\t\t<\/div>\n\t\t<\/section>\n\t\t\t\t<section class=\"elementor-section elementor-top-section elementor-element elementor-element-c497b41 elementor-section-boxed elementor-section-height-default elementor-section-height-default\" data-id=\"c497b41\" data-element_type=\"section\">\n\t\t\t\t\t\t<div class=\"elementor-container elementor-column-gap-default\">\n\t\t\t\t\t<div class=\"elementor-column elementor-col-100 elementor-top-column elementor-element elementor-element-814f617\" data-id=\"814f617\" data-element_type=\"column\">\n\t\t\t<div class=\"elementor-widget-wrap elementor-element-populated\">\n\t\t\t\t\t\t<div class=\"elementor-element elementor-element-88cfa2f elementor-widget elementor-widget-text-editor\" data-id=\"88cfa2f\" data-element_type=\"widget\" data-widget_type=\"text-editor.default\">\n\t\t\t\t<div class=\"elementor-widget-container\">\n\t\t\t\t\t\t\t\t\t<p>Bestimmte Industrieanlagen (Maschinen und Komponenten), die in Asien hergestellt werden, haben nichts mehr mit denen zu tun, die im Westen hergestellt werden. Es geht darum zu wissen, wie man sie aussp\u00fclt.<br \/>Unsere Teams mit Sitz in China oder Vietnam, die in diesen L\u00e4ndern beheimatet sind, erledigen das f\u00fcr Sie.<\/p><p>Sicherlich k\u00f6nnen sie Ihre technischen Voraussetzungen oder Ihren informierten Blick nicht ersetzen, aber sie werden Ihnen bei Ihren Schritten zur Beseitigung kultureller und sprachlicher Barrieren und aller anderen Hindernisse f\u00fcr Ihre Gelassenheit behilflich sein.<\/p><p>In einer Gruppe von rund f\u00fcnfzig Tochterunternehmen ist auch die Industrie unser Gesch\u00e4ft. <strong>Wir kennen Ihr Problem und k\u00f6nnen Sie unterst\u00fctzen.<\/strong><\/p>\t\t\t\t\t\t\t\t<\/div>\n\t\t\t\t<\/div>\n\t\t\t\t<div class=\"elementor-element elementor-element-d4b308d elementor-widget elementor-widget-image\" data-id=\"d4b308d\" data-element_type=\"widget\" data-widget_type=\"image.default\">\n\t\t\t\t<div class=\"elementor-widget-container\">\n\t\t\t\t\t\t\t\t\t\t\t\t\t\t\t<img decoding=\"async\" data-src=\"https:\/\/wasteless-group.com\/wp-content\/uploads\/2022\/12\/Sans-titre-29.png\" title=\"\" alt=\"expertise industrie Wasteless Group\" src=\"data:image\/svg+xml;base64,PHN2ZyB3aWR0aD0iMSIgaGVpZ2h0PSIxIiB4bWxucz0iaHR0cDovL3d3dy53My5vcmcvMjAwMC9zdmciPjwvc3ZnPg==\" class=\"lazyload\" \/>\t\t\t\t\t\t\t\t\t\t\t\t\t\t\t<\/div>\n\t\t\t\t<\/div>\n\t\t\t\t\t<\/div>\n\t\t<\/div>\n\t\t\t\t\t<\/div>\n\t\t<\/section>\n\t\t\t\t<\/div>\n\t\t","protected":false},"excerpt":{"rendered":"<p>Bestimmte Industrieanlagen (Maschinen und Komponenten), die in Asien hergestellt werden, haben nichts mehr mit denen zu tun, die im Westen hergestellt werden. Es geht darum zu wissen, wie man sie aussp\u00fclt.Unsere Teams mit Sitz in China oder Vietnam, die in diesen L\u00e4ndern beheimatet sind, erledigen das f\u00fcr Sie. Sicherlich k\u00f6nnen sie Ihre technischen Voraussetzungen oder &hellip;<\/p>\n<p class=\"read-more\"> <a class=\"\" href=\"https:\/\/wasteless-group.com\/de\/industrie\/\"> <span class=\"screen-reader-text\">Industrie<\/span> Weiterlesen &raquo;<\/a><\/p>\n","protected":false},"author":1,"featured_media":5362,"parent":0,"menu_order":0,"comment_status":"closed","ping_status":"closed","template":"","meta":{"site-sidebar-layout":"default","site-content-layout":"","ast-site-content-layout":"","site-content-style":"default","site-sidebar-style":"default","ast-global-header-display":"","ast-banner-title-visibility":"","ast-main-header-display":"","ast-hfb-above-header-display":"","ast-hfb-below-header-display":"","ast-hfb-mobile-header-display":"","site-post-title":"","ast-breadcrumbs-content":"","ast-featured-img":"disabled","footer-sml-layout":"","theme-transparent-header-meta":"","adv-header-id-meta":"","stick-header-meta":"","header-above-stick-meta":"","header-main-stick-meta":"","header-below-stick-meta":"","astra-migrate-meta-layouts":"","footnotes":""},"class_list":["post-4031","page","type-page","status-publish","has-post-thumbnail","hentry"],"yoast_head":"<!-- This site is optimized with the Yoast SEO plugin v26.6 - https:\/\/yoast.com\/wordpress\/plugins\/seo\/ -->\n<title>Ihr Hersteller von kundenspezifischen Industrieanlagen<\/title>\n<meta name=\"description\" content=\"Suchen Sie ma\u00dfgeschneiderte Industrieanlagen (Maschinen und Komponenten)? Wir erstellen sie f\u00fcr Sie, kontaktieren Sie uns!\" \/>\n<meta name=\"robots\" content=\"index, follow, max-snippet:-1, max-image-preview:large, max-video-preview:-1\" \/>\n<link rel=\"canonical\" href=\"https:\/\/wasteless-group.com\/de\/industrie\/\" \/>\n<meta property=\"og:locale\" content=\"de_DE\" \/>\n<meta property=\"og:type\" content=\"article\" \/>\n<meta property=\"og:title\" content=\"Ihr Hersteller von kundenspezifischen Industrieanlagen\" \/>\n<meta property=\"og:description\" content=\"Suchen Sie ma\u00dfgeschneiderte Industrieanlagen (Maschinen und Komponenten)? Wir erstellen sie f\u00fcr Sie, kontaktieren Sie uns!\" \/>\n<meta property=\"og:url\" content=\"https:\/\/wasteless-group.com\/de\/industrie\/\" \/>\n<meta property=\"og:site_name\" content=\"Wasteless Group, votre fabricant et fournisseur de produits sur mesure plus \u00e9cologiques\" \/>\n<meta property=\"article:modified_time\" content=\"2023-01-17T14:31:25+00:00\" \/>\n<meta property=\"og:image\" content=\"https:\/\/wasteless-group.com\/wp-content\/uploads\/2022\/12\/Industrie-sur-mesure-2.png\" \/>\n\t<meta property=\"og:image:width\" content=\"768\" \/>\n\t<meta property=\"og:image:height\" content=\"500\" \/>\n\t<meta property=\"og:image:type\" content=\"image\/png\" \/>\n<meta name=\"twitter:card\" content=\"summary_large_image\" \/>\n<meta name=\"twitter:label1\" content=\"Gesch\u00e4tzte Lesezeit\" \/>\n\t<meta name=\"twitter:data1\" content=\"1 Minute\" \/>\n<script type=\"application\/ld+json\" class=\"yoast-schema-graph\">{\"@context\":\"https:\/\/schema.org\",\"@graph\":[{\"@type\":\"WebPage\",\"@id\":\"https:\/\/wasteless-group.com\/de\/industrie\/\",\"url\":\"https:\/\/wasteless-group.com\/de\/industrie\/\",\"name\":\"Ihr Hersteller von kundenspezifischen Industrieanlagen\",\"isPartOf\":{\"@id\":\"https:\/\/wasteless-group.com\/de\/#website\"},\"primaryImageOfPage\":{\"@id\":\"https:\/\/wasteless-group.com\/de\/industrie\/#primaryimage\"},\"image\":{\"@id\":\"https:\/\/wasteless-group.com\/de\/industrie\/#primaryimage\"},\"thumbnailUrl\":\"https:\/\/wasteless-group.com\/wp-content\/uploads\/2022\/12\/Industrie-sur-mesure-2.jpg\",\"datePublished\":\"2022-11-14T13:12:57+00:00\",\"dateModified\":\"2023-01-17T14:31:25+00:00\",\"description\":\"Suchen Sie ma\u00dfgeschneiderte Industrieanlagen (Maschinen und Komponenten)? Wir erstellen sie f\u00fcr Sie, kontaktieren Sie uns!\",\"breadcrumb\":{\"@id\":\"https:\/\/wasteless-group.com\/de\/industrie\/#breadcrumb\"},\"inLanguage\":\"de-DE\",\"potentialAction\":[{\"@type\":\"ReadAction\",\"target\":[\"https:\/\/wasteless-group.com\/de\/industrie\/\"]}]},{\"@type\":\"ImageObject\",\"inLanguage\":\"de-DE\",\"@id\":\"https:\/\/wasteless-group.com\/de\/industrie\/#primaryimage\",\"url\":\"https:\/\/wasteless-group.com\/wp-content\/uploads\/2022\/12\/Industrie-sur-mesure-2.jpg\",\"contentUrl\":\"https:\/\/wasteless-group.com\/wp-content\/uploads\/2022\/12\/Industrie-sur-mesure-2.jpg\",\"width\":768,\"height\":500,\"caption\":\"Wasteless Group Industrie fabrication sur mesure produits industriels panneaux photovolta\u00efques Chine Asie\"},{\"@type\":\"BreadcrumbList\",\"@id\":\"https:\/\/wasteless-group.com\/de\/industrie\/#breadcrumb\",\"itemListElement\":[{\"@type\":\"ListItem\",\"position\":1,\"name\":\"Accueil\",\"item\":\"https:\/\/wasteless-group.com\/de\/\"},{\"@type\":\"ListItem\",\"position\":2,\"name\":\"Industrie\"}]},{\"@type\":\"WebSite\",\"@id\":\"https:\/\/wasteless-group.com\/de\/#website\",\"url\":\"https:\/\/wasteless-group.com\/de\/\",\"name\":\"Wasteless Group\",\"description\":\"Wasteless Group, votre fabricant et fournisseur de produits sur mesure plus \u00e9cologiques\",\"publisher\":{\"@id\":\"https:\/\/wasteless-group.com\/de\/#organization\"},\"potentialAction\":[{\"@type\":\"SearchAction\",\"target\":{\"@type\":\"EntryPoint\",\"urlTemplate\":\"https:\/\/wasteless-group.com\/de\/?s={search_term_string}\"},\"query-input\":{\"@type\":\"PropertyValueSpecification\",\"valueRequired\":true,\"valueName\":\"search_term_string\"}}],\"inLanguage\":\"de-DE\"},{\"@type\":\"Organization\",\"@id\":\"https:\/\/wasteless-group.com\/de\/#organization\",\"name\":\"Wasteless Group\",\"url\":\"https:\/\/wasteless-group.com\/de\/\",\"logo\":{\"@type\":\"ImageObject\",\"inLanguage\":\"de-DE\",\"@id\":\"https:\/\/wasteless-group.com\/de\/#\/schema\/logo\/image\/\",\"url\":\"https:\/\/wasteless-group.com\/wp-content\/uploads\/2023\/07\/Logo-WG-Vert.png\",\"contentUrl\":\"https:\/\/wasteless-group.com\/wp-content\/uploads\/2023\/07\/Logo-WG-Vert.png\",\"width\":400,\"height\":138,\"caption\":\"Wasteless Group\"},\"image\":{\"@id\":\"https:\/\/wasteless-group.com\/de\/#\/schema\/logo\/image\/\"},\"sameAs\":[\"https:\/\/www.linkedin.com\/company\/wasteless-group\/\"]}]}<\/script>\n<!-- \/ Yoast SEO plugin. -->","yoast_head_json":{"title":"Ihr Hersteller von kundenspezifischen Industrieanlagen","description":"Suchen Sie ma\u00dfgeschneiderte Industrieanlagen (Maschinen und Komponenten)? Wir erstellen sie f\u00fcr Sie, kontaktieren Sie uns!","robots":{"index":"index","follow":"follow","max-snippet":"max-snippet:-1","max-image-preview":"max-image-preview:large","max-video-preview":"max-video-preview:-1"},"canonical":"https:\/\/wasteless-group.com\/de\/industrie\/","og_locale":"de_DE","og_type":"article","og_title":"Ihr Hersteller von kundenspezifischen Industrieanlagen","og_description":"Suchen Sie ma\u00dfgeschneiderte Industrieanlagen (Maschinen und Komponenten)? Wir erstellen sie f\u00fcr Sie, kontaktieren Sie uns!","og_url":"https:\/\/wasteless-group.com\/de\/industrie\/","og_site_name":"Wasteless Group, votre fabricant et fournisseur de produits sur mesure plus \u00e9cologiques","article_modified_time":"2023-01-17T14:31:25+00:00","og_image":[{"width":768,"height":500,"url":"https:\/\/wasteless-group.com\/wp-content\/uploads\/2022\/12\/Industrie-sur-mesure-2.png","type":"image\/png"}],"twitter_card":"summary_large_image","twitter_misc":{"Gesch\u00e4tzte Lesezeit":"1 Minute"},"schema":{"@context":"https:\/\/schema.org","@graph":[{"@type":"WebPage","@id":"https:\/\/wasteless-group.com\/de\/industrie\/","url":"https:\/\/wasteless-group.com\/de\/industrie\/","name":"Ihr Hersteller von kundenspezifischen Industrieanlagen","isPartOf":{"@id":"https:\/\/wasteless-group.com\/de\/#website"},"primaryImageOfPage":{"@id":"https:\/\/wasteless-group.com\/de\/industrie\/#primaryimage"},"image":{"@id":"https:\/\/wasteless-group.com\/de\/industrie\/#primaryimage"},"thumbnailUrl":"https:\/\/wasteless-group.com\/wp-content\/uploads\/2022\/12\/Industrie-sur-mesure-2.jpg","datePublished":"2022-11-14T13:12:57+00:00","dateModified":"2023-01-17T14:31:25+00:00","description":"Suchen Sie ma\u00dfgeschneiderte Industrieanlagen (Maschinen und Komponenten)? Wir erstellen sie f\u00fcr Sie, kontaktieren Sie uns!","breadcrumb":{"@id":"https:\/\/wasteless-group.com\/de\/industrie\/#breadcrumb"},"inLanguage":"de-DE","potentialAction":[{"@type":"ReadAction","target":["https:\/\/wasteless-group.com\/de\/industrie\/"]}]},{"@type":"ImageObject","inLanguage":"de-DE","@id":"https:\/\/wasteless-group.com\/de\/industrie\/#primaryimage","url":"https:\/\/wasteless-group.com\/wp-content\/uploads\/2022\/12\/Industrie-sur-mesure-2.jpg","contentUrl":"https:\/\/wasteless-group.com\/wp-content\/uploads\/2022\/12\/Industrie-sur-mesure-2.jpg","width":768,"height":500,"caption":"Wasteless Group Industrie fabrication sur mesure produits industriels panneaux photovolta\u00efques Chine Asie"},{"@type":"BreadcrumbList","@id":"https:\/\/wasteless-group.com\/de\/industrie\/#breadcrumb","itemListElement":[{"@type":"ListItem","position":1,"name":"Accueil","item":"https:\/\/wasteless-group.com\/de\/"},{"@type":"ListItem","position":2,"name":"Industrie"}]},{"@type":"WebSite","@id":"https:\/\/wasteless-group.com\/de\/#website","url":"https:\/\/wasteless-group.com\/de\/","name":"Wasteless Group","description":"Wasteless Group, votre fabricant et fournisseur de produits sur mesure plus \u00e9cologiques","publisher":{"@id":"https:\/\/wasteless-group.com\/de\/#organization"},"potentialAction":[{"@type":"SearchAction","target":{"@type":"EntryPoint","urlTemplate":"https:\/\/wasteless-group.com\/de\/?s={search_term_string}"},"query-input":{"@type":"PropertyValueSpecification","valueRequired":true,"valueName":"search_term_string"}}],"inLanguage":"de-DE"},{"@type":"Organization","@id":"https:\/\/wasteless-group.com\/de\/#organization","name":"Wasteless Group","url":"https:\/\/wasteless-group.com\/de\/","logo":{"@type":"ImageObject","inLanguage":"de-DE","@id":"https:\/\/wasteless-group.com\/de\/#\/schema\/logo\/image\/","url":"https:\/\/wasteless-group.com\/wp-content\/uploads\/2023\/07\/Logo-WG-Vert.png","contentUrl":"https:\/\/wasteless-group.com\/wp-content\/uploads\/2023\/07\/Logo-WG-Vert.png","width":400,"height":138,"caption":"Wasteless Group"},"image":{"@id":"https:\/\/wasteless-group.com\/de\/#\/schema\/logo\/image\/"},"sameAs":["https:\/\/www.linkedin.com\/company\/wasteless-group\/"]}]}},"_links":{"self":[{"href":"https:\/\/wasteless-group.com\/de\/wp-json\/wp\/v2\/pages\/4031","targetHints":{"allow":["GET"]}}],"collection":[{"href":"https:\/\/wasteless-group.com\/de\/wp-json\/wp\/v2\/pages"}],"about":[{"href":"https:\/\/wasteless-group.com\/de\/wp-json\/wp\/v2\/types\/page"}],"author":[{"embeddable":true,"href":"https:\/\/wasteless-group.com\/de\/wp-json\/wp\/v2\/users\/1"}],"replies":[{"embeddable":true,"href":"https:\/\/wasteless-group.com\/de\/wp-json\/wp\/v2\/comments?post=4031"}],"version-history":[{"count":0,"href":"https:\/\/wasteless-group.com\/de\/wp-json\/wp\/v2\/pages\/4031\/revisions"}],"wp:featuredmedia":[{"embeddable":true,"href":"https:\/\/wasteless-group.com\/de\/wp-json\/wp\/v2\/media\/5362"}],"wp:attachment":[{"href":"https:\/\/wasteless-group.com\/de\/wp-json\/wp\/v2\/media?parent=4031"}],"curies":[{"name":"wp","href":"https:\/\/api.w.org\/{rel}","templated":true}]}}