{"id":2520,"date":"2022-11-14T14:54:53","date_gmt":"2022-11-14T13:54:53","guid":{"rendered":"https:\/\/wibi-workwear.com\/?page_id=2520"},"modified":"2023-09-11T16:50:19","modified_gmt":"2023-09-11T14:50:19","slug":"notas-legales","status":"publish","type":"page","link":"https:\/\/wasteless-group.com\/es\/notas-legales\/","title":{"rendered":"Avisos legales"},"content":{"rendered":"\t\t<div data-elementor-type=\"wp-page\" data-elementor-id=\"2520\" class=\"elementor elementor-2520\">\n\t\t\t\t\t\t<section class=\"elementor-section elementor-top-section elementor-element elementor-element-1e281d07 elementor-section-boxed elementor-section-height-default elementor-section-height-default\" data-id=\"1e281d07\" data-element_type=\"section\">\n\t\t\t\t\t\t<div class=\"elementor-container elementor-column-gap-default\">\n\t\t\t\t\t<div class=\"elementor-column elementor-col-100 elementor-top-column elementor-element elementor-element-14e168bb\" data-id=\"14e168bb\" data-element_type=\"column\">\n\t\t\t<div class=\"elementor-widget-wrap elementor-element-populated\">\n\t\t\t\t\t\t<div class=\"elementor-element elementor-element-59320de1 elementor-widget elementor-widget-text-editor\" data-id=\"59320de1\" data-element_type=\"widget\" data-widget_type=\"text-editor.default\">\n\t\t\t\t<div class=\"elementor-widget-container\">\n\t\t\t\t\t\t\t\t\t\n<div id=\"wp-block-themeisle-blocks-advanced-columns-0e98f34d\" class=\"wp-block-themeisle-blocks-advanced-columns has-0-columns has-desktop-undefined-layout has-tablet-equal-layout has-mobile-equal-layout has-vertical-unset\"><div class=\"wp-block-themeisle-blocks-advanced-columns-overlay\"><\/div><div class=\"innerblocks-wrap\"><\/div><\/div>\n\t\t\t\t\t\t\t\t<\/div>\n\t\t\t\t<\/div>\n\t\t\t\t\t<\/div>\n\t\t<\/div>\n\t\t\t\t\t<\/div>\n\t\t<\/section>\n\t\t\t\t<section class=\"elementor-section elementor-top-section elementor-element elementor-element-dad7314 elementor-section-boxed elementor-section-height-default elementor-section-height-default\" data-id=\"dad7314\" data-element_type=\"section\">\n\t\t\t\t\t\t<div class=\"elementor-container elementor-column-gap-default\">\n\t\t\t\t\t<div class=\"elementor-column elementor-col-100 elementor-top-column elementor-element elementor-element-6ac4543\" data-id=\"6ac4543\" data-element_type=\"column\">\n\t\t\t<div class=\"elementor-widget-wrap elementor-element-populated\">\n\t\t\t\t\t\t<div class=\"elementor-element elementor-element-993408d elementor-widget elementor-widget-text-editor\" data-id=\"993408d\" data-element_type=\"widget\" data-widget_type=\"text-editor.default\">\n\t\t\t\t<div class=\"elementor-widget-container\">\n\t\t\t\t\t\t\t\t\t<p>El sitio web accesible en la direcci\u00f3n http:\/\/asseless-group.com\/ (en adelante, el \u00absitio\u00bb) es publicado por la empresa LBX Asie Ltd, designada en el nombre del Nombre comercial \u00abWasteless Group\u00bb, cuya sede social se encuentra en la habitaci\u00f3n 1703, 17 \/ F, Edificio Tang Tung, No.8 Fleming Road, Wanchai, HK (en adelante \u00abLBX Asie\u00bb).<br>El director de la publicaci\u00f3n del sitio es el Sr. Philippe Ollier, Director General.<\/p>\n<h2><strong>Alojamiento<\/strong><\/h2>\n<p>El Sitio Host es OVH &#8211; 2 Rue Kellermann, 59100 Roubaix &#8211; Francia.<\/p>\n<h2><strong>Responsabilidad<\/strong><\/h2>\n<p>LBX Asie se esfuerza de un vigilante a la exactitud y la actualizaci\u00f3n de la informaci\u00f3n difundida en este sitio, de las cuales se reserva el derecho de corregir el contenido en cualquier momento. LBX Asia no pudo ser responsable de ninguna inexactitud, error, omisi\u00f3n o defecto para actualizar la informaci\u00f3n presentada en el sitio.<br>LBX Asie no puede ser responsable de cualquier falta de disponibilidad, interrupci\u00f3n, disfunci\u00f3n o presencia de un virus en su sitio.<br>LBX Asie tambi\u00e9n se reserva el derecho de suspender el sitio, por razones de mantenimiento o cualquier otra raz\u00f3n.<\/p>\n<h2><strong>Propiedad intelectual<\/strong><\/h2>\n<p>El sitio se beneficia de la protecci\u00f3n del derecho internacional sobre la ley de derechos de autor y de manera m\u00e1s general sobre la propiedad intelectual. Todos los contenidos del sitio, a saber, en particular, pero sin exhaustividad, software, textos, bases de datos, im\u00e1genes animadas, videos, animaciones, sonidos, know-how, son propiedad exclusiva de LBX Asie. Cualquier reproducci\u00f3n, representaci\u00f3n, difusi\u00f3n en total o parte del sitio est\u00e1 sujeta al acuerdo previo del Director de la Publicaci\u00f3n o de cualquier tercero designado por LBX Asie.<\/p>\n<h2><strong>Datos personales<\/strong><\/h2>\n<p>LBX Asie garantiza la protecci\u00f3n de los datos personales que es probable que nos env\u00ede. Lo invitamos a consultar nuestra pol\u00edtica de protecci\u00f3n de datos personales.<\/p>\t\t\t\t\t\t\t\t<\/div>\n\t\t\t\t<\/div>\n\t\t\t\t\t<\/div>\n\t\t<\/div>\n\t\t\t\t\t<\/div>\n\t\t<\/section>\n\t\t\t\t<\/div>\n\t\t","protected":false},"excerpt":{"rendered":"<p>El sitio web accesible en la direcci\u00f3n http:\/\/asseless-group.com\/ (en adelante, el \u00absitio\u00bb) es publicado por la empresa LBX Asie Ltd, designada en el nombre del Nombre comercial \u00abWasteless Group\u00bb, cuya sede social se encuentra en la habitaci\u00f3n 1703, 17 \/ F, Edificio Tang Tung, No.8 Fleming Road, Wanchai, HK (en adelante \u00abLBX Asie\u00bb).El director de &hellip;<\/p>\n<p class=\"read-more\"> <a class=\"\" href=\"https:\/\/wasteless-group.com\/es\/notas-legales\/\"> <span class=\"screen-reader-text\">Avisos legales<\/span> Leer m\u00e1s &raquo;<\/a><\/p>\n","protected":false},"author":1,"featured_media":0,"parent":0,"menu_order":0,"comment_status":"closed","ping_status":"closed","template":"","meta":{"site-sidebar-layout":"default","site-content-layout":"","ast-site-content-layout":"default","site-content-style":"default","site-sidebar-style":"default","ast-global-header-display":"","ast-banner-title-visibility":"","ast-main-header-display":"","ast-hfb-above-header-display":"","ast-hfb-below-header-display":"","ast-hfb-mobile-header-display":"","site-post-title":"","ast-breadcrumbs-content":"","ast-featured-img":"","footer-sml-layout":"","theme-transparent-header-meta":"","adv-header-id-meta":"","stick-header-meta":"","header-above-stick-meta":"","header-main-stick-meta":"","header-below-stick-meta":"","astra-migrate-meta-layouts":"set","footnotes":""},"class_list":["post-2520","page","type-page","status-publish","hentry"],"yoast_head":"<!-- This site is optimized with the Yoast SEO plugin v26.6 - https:\/\/yoast.com\/wordpress\/plugins\/seo\/ -->\n<title>Avisos legales - Wasteless Group, votre fabricant et fournisseur de produits sur mesure plus \u00e9cologiques<\/title>\n<meta name=\"robots\" content=\"index, follow, max-snippet:-1, max-image-preview:large, max-video-preview:-1\" \/>\n<link rel=\"canonical\" href=\"https:\/\/wasteless-group.com\/es\/notas-legales\/\" \/>\n<meta property=\"og:locale\" content=\"es_ES\" \/>\n<meta property=\"og:type\" content=\"article\" \/>\n<meta property=\"og:title\" content=\"Avisos legales - Wasteless Group, votre fabricant et fournisseur de produits sur mesure plus \u00e9cologiques\" \/>\n<meta property=\"og:description\" content=\"El sitio web accesible en la direcci\u00f3n http:\/\/asseless-group.com\/ (en adelante, el \u00absitio\u00bb) es publicado por la empresa LBX Asie Ltd, designada en el nombre del Nombre comercial \u00abWasteless Group\u00bb, cuya sede social se encuentra en la habitaci\u00f3n 1703, 17 \/ F, Edificio Tang Tung, No.8 Fleming Road, Wanchai, HK (en adelante \u00abLBX Asie\u00bb).El director de &hellip; Avisos legales Leer m\u00e1s &raquo;\" \/>\n<meta property=\"og:url\" content=\"https:\/\/wasteless-group.com\/es\/notas-legales\/\" \/>\n<meta property=\"og:site_name\" content=\"Wasteless Group, votre fabricant et fournisseur de produits sur mesure plus \u00e9cologiques\" \/>\n<meta property=\"article:modified_time\" content=\"2023-09-11T14:50:19+00:00\" \/>\n<meta name=\"twitter:card\" content=\"summary_large_image\" \/>\n<meta name=\"twitter:label1\" content=\"Tiempo de lectura\" \/>\n\t<meta name=\"twitter:data1\" content=\"2 minutos\" \/>\n<script type=\"application\/ld+json\" class=\"yoast-schema-graph\">{\"@context\":\"https:\/\/schema.org\",\"@graph\":[{\"@type\":\"WebPage\",\"@id\":\"https:\/\/wasteless-group.com\/es\/notas-legales\/\",\"url\":\"https:\/\/wasteless-group.com\/es\/notas-legales\/\",\"name\":\"Avisos legales - Wasteless Group, votre fabricant et fournisseur de produits sur mesure plus \u00e9cologiques\",\"isPartOf\":{\"@id\":\"https:\/\/wasteless-group.com\/es\/#website\"},\"datePublished\":\"2022-11-14T13:54:53+00:00\",\"dateModified\":\"2023-09-11T14:50:19+00:00\",\"breadcrumb\":{\"@id\":\"https:\/\/wasteless-group.com\/es\/notas-legales\/#breadcrumb\"},\"inLanguage\":\"es\",\"potentialAction\":[{\"@type\":\"ReadAction\",\"target\":[\"https:\/\/wasteless-group.com\/es\/notas-legales\/\"]}]},{\"@type\":\"BreadcrumbList\",\"@id\":\"https:\/\/wasteless-group.com\/es\/notas-legales\/#breadcrumb\",\"itemListElement\":[{\"@type\":\"ListItem\",\"position\":1,\"name\":\"Accueil\",\"item\":\"https:\/\/wasteless-group.com\/es\/\"},{\"@type\":\"ListItem\",\"position\":2,\"name\":\"Avisos legales\"}]},{\"@type\":\"WebSite\",\"@id\":\"https:\/\/wasteless-group.com\/es\/#website\",\"url\":\"https:\/\/wasteless-group.com\/es\/\",\"name\":\"Wasteless Group\",\"description\":\"Wasteless Group, votre fabricant et fournisseur de produits sur mesure plus \u00e9cologiques\",\"publisher\":{\"@id\":\"https:\/\/wasteless-group.com\/es\/#organization\"},\"potentialAction\":[{\"@type\":\"SearchAction\",\"target\":{\"@type\":\"EntryPoint\",\"urlTemplate\":\"https:\/\/wasteless-group.com\/es\/?s={search_term_string}\"},\"query-input\":{\"@type\":\"PropertyValueSpecification\",\"valueRequired\":true,\"valueName\":\"search_term_string\"}}],\"inLanguage\":\"es\"},{\"@type\":\"Organization\",\"@id\":\"https:\/\/wasteless-group.com\/es\/#organization\",\"name\":\"Wasteless Group\",\"url\":\"https:\/\/wasteless-group.com\/es\/\",\"logo\":{\"@type\":\"ImageObject\",\"inLanguage\":\"es\",\"@id\":\"https:\/\/wasteless-group.com\/es\/#\/schema\/logo\/image\/\",\"url\":\"https:\/\/wasteless-group.com\/wp-content\/uploads\/2023\/07\/Logo-WG-Vert.png\",\"contentUrl\":\"https:\/\/wasteless-group.com\/wp-content\/uploads\/2023\/07\/Logo-WG-Vert.png\",\"width\":400,\"height\":138,\"caption\":\"Wasteless Group\"},\"image\":{\"@id\":\"https:\/\/wasteless-group.com\/es\/#\/schema\/logo\/image\/\"},\"sameAs\":[\"https:\/\/www.linkedin.com\/company\/wasteless-group\/\"]}]}<\/script>\n<!-- \/ Yoast SEO plugin. -->","yoast_head_json":{"title":"Avisos legales - Wasteless Group, votre fabricant et fournisseur de produits sur mesure plus \u00e9cologiques","robots":{"index":"index","follow":"follow","max-snippet":"max-snippet:-1","max-image-preview":"max-image-preview:large","max-video-preview":"max-video-preview:-1"},"canonical":"https:\/\/wasteless-group.com\/es\/notas-legales\/","og_locale":"es_ES","og_type":"article","og_title":"Avisos legales - Wasteless Group, votre fabricant et fournisseur de produits sur mesure plus \u00e9cologiques","og_description":"El sitio web accesible en la direcci\u00f3n http:\/\/asseless-group.com\/ (en adelante, el \u00absitio\u00bb) es publicado por la empresa LBX Asie Ltd, designada en el nombre del Nombre comercial \u00abWasteless Group\u00bb, cuya sede social se encuentra en la habitaci\u00f3n 1703, 17 \/ F, Edificio Tang Tung, No.8 Fleming Road, Wanchai, HK (en adelante \u00abLBX Asie\u00bb).El director de &hellip; Avisos legales Leer m\u00e1s &raquo;","og_url":"https:\/\/wasteless-group.com\/es\/notas-legales\/","og_site_name":"Wasteless Group, votre fabricant et fournisseur de produits sur mesure plus \u00e9cologiques","article_modified_time":"2023-09-11T14:50:19+00:00","twitter_card":"summary_large_image","twitter_misc":{"Tiempo de lectura":"2 minutos"},"schema":{"@context":"https:\/\/schema.org","@graph":[{"@type":"WebPage","@id":"https:\/\/wasteless-group.com\/es\/notas-legales\/","url":"https:\/\/wasteless-group.com\/es\/notas-legales\/","name":"Avisos legales - Wasteless Group, votre fabricant et fournisseur de produits sur mesure plus \u00e9cologiques","isPartOf":{"@id":"https:\/\/wasteless-group.com\/es\/#website"},"datePublished":"2022-11-14T13:54:53+00:00","dateModified":"2023-09-11T14:50:19+00:00","breadcrumb":{"@id":"https:\/\/wasteless-group.com\/es\/notas-legales\/#breadcrumb"},"inLanguage":"es","potentialAction":[{"@type":"ReadAction","target":["https:\/\/wasteless-group.com\/es\/notas-legales\/"]}]},{"@type":"BreadcrumbList","@id":"https:\/\/wasteless-group.com\/es\/notas-legales\/#breadcrumb","itemListElement":[{"@type":"ListItem","position":1,"name":"Accueil","item":"https:\/\/wasteless-group.com\/es\/"},{"@type":"ListItem","position":2,"name":"Avisos legales"}]},{"@type":"WebSite","@id":"https:\/\/wasteless-group.com\/es\/#website","url":"https:\/\/wasteless-group.com\/es\/","name":"Wasteless Group","description":"Wasteless Group, votre fabricant et fournisseur de produits sur mesure plus \u00e9cologiques","publisher":{"@id":"https:\/\/wasteless-group.com\/es\/#organization"},"potentialAction":[{"@type":"SearchAction","target":{"@type":"EntryPoint","urlTemplate":"https:\/\/wasteless-group.com\/es\/?s={search_term_string}"},"query-input":{"@type":"PropertyValueSpecification","valueRequired":true,"valueName":"search_term_string"}}],"inLanguage":"es"},{"@type":"Organization","@id":"https:\/\/wasteless-group.com\/es\/#organization","name":"Wasteless Group","url":"https:\/\/wasteless-group.com\/es\/","logo":{"@type":"ImageObject","inLanguage":"es","@id":"https:\/\/wasteless-group.com\/es\/#\/schema\/logo\/image\/","url":"https:\/\/wasteless-group.com\/wp-content\/uploads\/2023\/07\/Logo-WG-Vert.png","contentUrl":"https:\/\/wasteless-group.com\/wp-content\/uploads\/2023\/07\/Logo-WG-Vert.png","width":400,"height":138,"caption":"Wasteless Group"},"image":{"@id":"https:\/\/wasteless-group.com\/es\/#\/schema\/logo\/image\/"},"sameAs":["https:\/\/www.linkedin.com\/company\/wasteless-group\/"]}]}},"_links":{"self":[{"href":"https:\/\/wasteless-group.com\/es\/wp-json\/wp\/v2\/pages\/2520","targetHints":{"allow":["GET"]}}],"collection":[{"href":"https:\/\/wasteless-group.com\/es\/wp-json\/wp\/v2\/pages"}],"about":[{"href":"https:\/\/wasteless-group.com\/es\/wp-json\/wp\/v2\/types\/page"}],"author":[{"embeddable":true,"href":"https:\/\/wasteless-group.com\/es\/wp-json\/wp\/v2\/users\/1"}],"replies":[{"embeddable":true,"href":"https:\/\/wasteless-group.com\/es\/wp-json\/wp\/v2\/comments?post=2520"}],"version-history":[{"count":0,"href":"https:\/\/wasteless-group.com\/es\/wp-json\/wp\/v2\/pages\/2520\/revisions"}],"wp:attachment":[{"href":"https:\/\/wasteless-group.com\/es\/wp-json\/wp\/v2\/media?parent=2520"}],"curies":[{"name":"wp","href":"https:\/\/api.w.org\/{rel}","templated":true}]}}