{"id":2567,"date":"2020-11-27T09:53:27","date_gmt":"2020-11-27T08:53:27","guid":{"rendered":"https:\/\/wibi-workwear.com\/?page_id=2567"},"modified":"2023-09-11T16:53:27","modified_gmt":"2023-09-11T14:53:27","slug":"politica-de-confidencialidad","status":"publish","type":"page","link":"https:\/\/wasteless-group.com\/es\/politica-de-confidencialidad\/","title":{"rendered":"Pol\u00edtica de confidencialidad"},"content":{"rendered":"\t\t<div data-elementor-type=\"wp-page\" data-elementor-id=\"2567\" class=\"elementor elementor-2567\">\n\t\t\t\t\t\t<section class=\"elementor-section elementor-top-section elementor-element elementor-element-5c307835 elementor-section-boxed elementor-section-height-default elementor-section-height-default\" data-id=\"5c307835\" data-element_type=\"section\">\n\t\t\t\t\t\t<div class=\"elementor-container elementor-column-gap-default\">\n\t\t\t\t\t<div class=\"elementor-column elementor-col-100 elementor-top-column elementor-element elementor-element-7a782ef5\" data-id=\"7a782ef5\" data-element_type=\"column\">\n\t\t\t<div class=\"elementor-widget-wrap elementor-element-populated\">\n\t\t\t\t\t\t<div class=\"elementor-element elementor-element-1a557b74 elementor-widget elementor-widget-text-editor\" data-id=\"1a557b74\" data-element_type=\"widget\" data-widget_type=\"text-editor.default\">\n\t\t\t\t<div class=\"elementor-widget-container\">\n\t\t\t\t\t\t\t\t\t<p><\/p>\n<p>Usando el sitio web accesible en http:\/\/wasseless-group.com\/, usted, usuarios y visitantes del sitio, acepte la recopilaci\u00f3n y el uso de sus datos personales (en adelante, \u00abdatos personales\u00bb) en las condiciones descritas en esta Pol\u00edtica de privacidad ( En lo sucesivo, la \u00abPol\u00edtica de privacidad\u00bb).<br>La Pol\u00edtica de privacidad describe el procesamiento de los datos personales implementados por LBX Asia para su sitio comercial HTTP: \/\/ sin protecci\u00f3n contra datos personales de ETRA.<br>LBX Asie se compromete a recopilar y procesar sus datos personales de conformidad con las leyes y regulaciones aplicables, a saber, en particular, en particular las regulaciones europeas sobre la protecci\u00f3n de los datos personales n \u00b0 2016\/679 del 27 de abril de 2016 conocidos como \u00abRGPD\u00bb y la Ley N \u00b0 78-17 de 6 de enero de 1978 relativo al procesamiento de datos, archivos y libertades (en adelante, \u00ablegislaci\u00f3n aplicable\u00bb).<\/p>\n<h2 class=\"wp-block-heading\"><strong>1. Identidad y detalles de contacto del controlador.<\/strong><\/h2>\n<p>En el sentido de la legislaci\u00f3n aplicable, el controlador (en adelante, el \u00abadministrador de tratamiento\u00bb) es la entidad que determina los medios y prop\u00f3sitos del procesamiento de datos personales. LBX Asie es el controlador de sus datos personales recopilados a trav\u00e9s del Sitio.<\/p>\n<h2><strong>2. Datos personales recopilados.<\/strong><\/h2>\n<p>Sus datos personales se pueden recopilar cuando:<\/p>\n<p>&#8211; Navegue por el sitio,<br>&#8211; Enviar una pregunta a trav\u00e9s del formulario de contacto<\/p>\n<h2><strong>3. Tratamientos y prop\u00f3sitos del tratamiento.<\/strong><\/h2>\n<p>Sus datos personales se pueden recopilar y procesar para: &#8211; proporcionar los servicios e informaci\u00f3n que ha solicitado a trav\u00e9s del formulario de contacto,<br>&#8211; Responda a sus preguntas y solicitudes,<br>&#8211; Realizar estad\u00edsticas an\u00f3nimas,<br>&#8211; Asegurar la operaci\u00f3n y seguridad del sitio, para mejorar su funcionamiento. Estos tratamientos tienen como base legal el inter\u00e9s leg\u00edtimo de LBX Asie y su consentimiento.<\/p>\n<h2><strong>4. Destinatarios de datos personales.<\/strong><\/h2>\n<p>Los datos personales recopilados por LBX Asia est\u00e1n destinados a ser procesados exclusivamente por LBX Asie.<br>Los datos personales pueden ser transferidos a terceros en caso de que la reestructuraci\u00f3n de ASIA LBX, incluso en caso de una venta de activos de fusi\u00f3n, absorci\u00f3n, adquisici\u00f3n, divisi\u00f3n, total o parcial y, en general, cualquier operaci\u00f3n de reestructuraci\u00f3n o reorganizaci\u00f3n interna.<br>Adem\u00e1s, de acuerdo con la legislaci\u00f3n aplicable, se puede requerir que LBX Asie se requiera para comunicar a terceros sus datos personales para cumplir con las obligaciones legales, reglamentarias o en la aplicaci\u00f3n de una decisi\u00f3n judicial, o si esta comunicaci\u00f3n es necesaria para la defensa de sus derechos.<\/p><p><strong style=\"color: rgb(38, 85, 28); font-size: 20px; font-style: inherit; letter-spacing: 0.4px; background-color: var(--ast-global-color-5);\">5. Duraci\u00f3n de la reforma de sus datos personales.<\/strong><br><\/p>\n<p>LBX Asie mantendr\u00e1 sus datos personales solo por la duraci\u00f3n necesaria para el procesamiento implementado. Sin embargo, LBX Asia podr\u00e1 mantener sus datos personales durante una duraci\u00f3n m\u00e1s larga en el marco de sus obligaciones legales y reglamentarias.<br>Sus datos personales en todos los casos se destruir\u00e1n a una solicitud simple de usted a trav\u00e9s del formulario de contacto, dentro de un m\u00e1ximo de 30 d\u00edas a partir de su solicitud.<\/p>\n<h2><strong>6. Ejercicio de tus derechos.<\/strong><\/h2>\n<p>De acuerdo con las regulaciones vigentes, tiene derecho a acceder y rectificar sus datos personales, as\u00ed como el de solicitar el borrado (derecho a ser olvidado) el derecho de oponerse a su procesamiento y obtener su limitaci\u00f3n o portabilidad en la medida en aplicable, sujeto a las razones leg\u00edtimas imperativas que LBX Asie podr\u00eda justificar para mantener sus datos personales.<br>Estos derechos se pueden ejercer directamente a trav\u00e9s del formulario de contacto o desde el DPO. Se puede solicitar prueba de identidad.<br>Tambi\u00e9n tiene derecho a confiscar la Comisi\u00f3n Nacional para la Protecci\u00f3n de Datos (CNIL), 3 Place de Fontenoy &#8211; TSA 80715 &#8211; 75334 Paris Cedex 07, Tel: 01 53 73 22 22, cualquier queja relacionada con la forma en que LBX Asie recolecta y recauda procesa sus datos personales.<\/p>\n<h2><strong>7. Cookies<\/strong><\/h2>\n<p><\/p><main id=\"main\" role=\"main\"><p><\/p>\n<div id=\"shopify-section-template--15229428990178__main\" class=\"shopify-section\">\n<section data-section-id=\"template--15229428990178__main\" data-section-type=\"page\">\n<div class=\"container container--narrow\">\n<div class=\"page__content rte\">\n<p>El sitio usa cookies. Una cookie es un archivo peque\u00f1o que el navegador del sitio almacena localmente en su terminal (computadora, tableta, tel\u00e9fono inteligente) durante la consulta del sitio. La cookie permite que su transmisor (LBX Asie o nuestros proveedores de medici\u00f3n de la audiencia, como Google, Cloudflare y PPL Language) recopilen informaci\u00f3n relacionada con su visita al sitio, como el sitio o el idioma preferible para \u00abmejorar su experiencia de navegaci\u00f3n, as\u00ed como. El contenido y las funcionalidades del sitio. Tambi\u00e9n se pueden utilizar para la medici\u00f3n de estad\u00edsticas y asistencia (excluyendo cualquier explotaci\u00f3n para fines comerciales).<br>Al continuar navegando por el sitio cuando se conecta por primera vez, acepta el dep\u00f3sito de cookies en su terminal. Las cookies esenciales para el funcionamiento adecuado del sitio no pueden desactivarse de nuestros sistemas. Puede configurar su navegador para bloquear o ser alertado de usar estas cookies. Sin embargo, si esta categor\u00eda de cookies est\u00e1 bloqueada, no se pueden proporcionar ciertas caracter\u00edsticas del sitio.<br>Las cookies de rendimiento permiten determinar el n\u00famero de visitas y fuentes de tr\u00e1fico del sitio para medir y mejorar el rendimiento. Toda la informaci\u00f3n recopilada por estas cookies est\u00e1 anonimizada.<br>Puede desactivar cookies siguiendo las instrucciones de la siguiente manera:<\/p>\n<p><strong>Desde el Explorador de Internet:<\/strong> haga clic en el bot\u00f3n Herramientas, luego en las opciones de Internet, en la pesta\u00f1a General, en el historial de navegaci\u00f3n, haga clic en Configuraci\u00f3n, haga clic en el bot\u00f3n Mostrar archivos, haga clic en el encabezado de columna de nombre para ordenar todos los archivos en orden alfab\u00e9tico, luego navegar por La lista hasta que vea archivos que comienzan con el prefijo de cookies (todas las cookies tienen este prefijo y generalmente contienen el nombre del sitio web que lo cre\u00f3), seleccione y elimina, cierre la ventana que contiene la lista de archivos, luego haga clic en Aceptar dos veces dos veces Para volver a Internet Explorer.<\/p>\n<p><strong>Desde Mozilla Firefox:<\/strong> vaya a la pesta\u00f1a Herramienta del navegador y luego seleccione el men\u00fa Opciones, en la ventana mostrada, elija la vida privada y haga clic en Mostrar las cookies, seleccionarlas y eliminarlas.<\/p>\n<p><strong>Desde Safari:<\/strong> en su navegador, elija el men\u00fa Edici\u00f3n&gt; Preferencias, haga clic en Seguridad, haga clic en Mostrar cookies, seleccionarlas y eliminarlas, despu\u00e9s de la eliminaci\u00f3n, haga clic en Terminado.<\/p>\n<p><strong>Desde Google Chrome:<\/strong> haga clic en el icono del men\u00fa de herramientas, seleccione Opciones, haga clic en la pesta\u00f1a Opciones avanzadas y acceda a la secci\u00f3n Confidencialidad, haga clic en el bot\u00f3n Pantalla Cookies, seleccione y elim\u00ednelas, haga clic en Haga clic para volver a su navegador.<\/p>\n<p><strong>Otro navegador de Internet:<\/strong> consulte la secci\u00f3n de ayuda adecuada para este navegador (generalmente accesible haciendo clic en la pesta\u00f1a? Entonces ayuda o presionando la tecla F1 en su teclado).<\/p>\n<\/div>\n<\/div>\n<\/section>\n<\/div>\n<p><\/p><\/main><p><\/p>\n<p><\/p>\t\t\t\t\t\t\t\t<\/div>\n\t\t\t\t<\/div>\n\t\t\t\t\t<\/div>\n\t\t<\/div>\n\t\t\t\t\t<\/div>\n\t\t<\/section>\n\t\t\t\t<\/div>\n\t\t","protected":false},"excerpt":{"rendered":"<p>Usando el sitio web accesible en http:\/\/wasseless-group.com\/, usted, usuarios y visitantes del sitio, acepte la recopilaci\u00f3n y el uso de sus datos personales (en adelante, \u00abdatos personales\u00bb) en las condiciones descritas en esta Pol\u00edtica de privacidad ( En lo sucesivo, la \u00abPol\u00edtica de privacidad\u00bb).La Pol\u00edtica de privacidad describe el procesamiento de los datos personales implementados &hellip;<\/p>\n<p class=\"read-more\"> <a class=\"\" href=\"https:\/\/wasteless-group.com\/es\/politica-de-confidencialidad\/\"> <span class=\"screen-reader-text\">Pol\u00edtica de confidencialidad<\/span> Leer m\u00e1s &raquo;<\/a><\/p>\n","protected":false},"author":1,"featured_media":0,"parent":0,"menu_order":0,"comment_status":"closed","ping_status":"closed","template":"","meta":{"site-sidebar-layout":"default","site-content-layout":"","ast-site-content-layout":"","site-content-style":"default","site-sidebar-style":"default","ast-global-header-display":"","ast-banner-title-visibility":"","ast-main-header-display":"","ast-hfb-above-header-display":"","ast-hfb-below-header-display":"","ast-hfb-mobile-header-display":"","site-post-title":"","ast-breadcrumbs-content":"","ast-featured-img":"","footer-sml-layout":"","theme-transparent-header-meta":"","adv-header-id-meta":"","stick-header-meta":"","header-above-stick-meta":"","header-main-stick-meta":"","header-below-stick-meta":"","astra-migrate-meta-layouts":"","footnotes":""},"class_list":["post-2567","page","type-page","status-publish","hentry"],"yoast_head":"<!-- This site is optimized with the Yoast SEO plugin v26.6 - https:\/\/yoast.com\/wordpress\/plugins\/seo\/ -->\n<title>Pol\u00edtica de confidencialidad - Wasteless Group, votre fabricant et fournisseur de produits sur mesure plus \u00e9cologiques<\/title>\n<meta name=\"robots\" content=\"index, follow, max-snippet:-1, max-image-preview:large, max-video-preview:-1\" \/>\n<link rel=\"canonical\" href=\"https:\/\/wasteless-group.com\/es\/politica-de-confidencialidad\/\" \/>\n<meta property=\"og:locale\" content=\"es_ES\" \/>\n<meta property=\"og:type\" content=\"article\" \/>\n<meta property=\"og:title\" content=\"Pol\u00edtica de confidencialidad - Wasteless Group, votre fabricant et fournisseur de produits sur mesure plus \u00e9cologiques\" \/>\n<meta property=\"og:description\" content=\"Usando el sitio web accesible en http:\/\/wasseless-group.com\/, usted, usuarios y visitantes del sitio, acepte la recopilaci\u00f3n y el uso de sus datos personales (en adelante, \u00abdatos personales\u00bb) en las condiciones descritas en esta Pol\u00edtica de privacidad ( En lo sucesivo, la \u00abPol\u00edtica de privacidad\u00bb).La Pol\u00edtica de privacidad describe el procesamiento de los datos personales implementados &hellip; Pol\u00edtica de confidencialidad Leer m\u00e1s &raquo;\" \/>\n<meta property=\"og:url\" content=\"https:\/\/wasteless-group.com\/es\/politica-de-confidencialidad\/\" \/>\n<meta property=\"og:site_name\" content=\"Wasteless Group, votre fabricant et fournisseur de produits sur mesure plus \u00e9cologiques\" \/>\n<meta property=\"article:modified_time\" content=\"2023-09-11T14:53:27+00:00\" \/>\n<meta name=\"twitter:card\" content=\"summary_large_image\" \/>\n<meta name=\"twitter:label1\" content=\"Tiempo de lectura\" \/>\n\t<meta name=\"twitter:data1\" content=\"6 minutos\" \/>\n<script type=\"application\/ld+json\" class=\"yoast-schema-graph\">{\"@context\":\"https:\/\/schema.org\",\"@graph\":[{\"@type\":\"WebPage\",\"@id\":\"https:\/\/wasteless-group.com\/es\/politica-de-confidencialidad\/\",\"url\":\"https:\/\/wasteless-group.com\/es\/politica-de-confidencialidad\/\",\"name\":\"Pol\u00edtica de confidencialidad - Wasteless Group, votre fabricant et fournisseur de produits sur mesure plus \u00e9cologiques\",\"isPartOf\":{\"@id\":\"https:\/\/wasteless-group.com\/es\/#website\"},\"datePublished\":\"2020-11-27T08:53:27+00:00\",\"dateModified\":\"2023-09-11T14:53:27+00:00\",\"breadcrumb\":{\"@id\":\"https:\/\/wasteless-group.com\/es\/politica-de-confidencialidad\/#breadcrumb\"},\"inLanguage\":\"es\",\"potentialAction\":[{\"@type\":\"ReadAction\",\"target\":[\"https:\/\/wasteless-group.com\/es\/politica-de-confidencialidad\/\"]}]},{\"@type\":\"BreadcrumbList\",\"@id\":\"https:\/\/wasteless-group.com\/es\/politica-de-confidencialidad\/#breadcrumb\",\"itemListElement\":[{\"@type\":\"ListItem\",\"position\":1,\"name\":\"Accueil\",\"item\":\"https:\/\/wasteless-group.com\/es\/\"},{\"@type\":\"ListItem\",\"position\":2,\"name\":\"Pol\u00edtica de confidencialidad\"}]},{\"@type\":\"WebSite\",\"@id\":\"https:\/\/wasteless-group.com\/es\/#website\",\"url\":\"https:\/\/wasteless-group.com\/es\/\",\"name\":\"Wasteless Group\",\"description\":\"Wasteless Group, votre fabricant et fournisseur de produits sur mesure plus \u00e9cologiques\",\"publisher\":{\"@id\":\"https:\/\/wasteless-group.com\/es\/#organization\"},\"potentialAction\":[{\"@type\":\"SearchAction\",\"target\":{\"@type\":\"EntryPoint\",\"urlTemplate\":\"https:\/\/wasteless-group.com\/es\/?s={search_term_string}\"},\"query-input\":{\"@type\":\"PropertyValueSpecification\",\"valueRequired\":true,\"valueName\":\"search_term_string\"}}],\"inLanguage\":\"es\"},{\"@type\":\"Organization\",\"@id\":\"https:\/\/wasteless-group.com\/es\/#organization\",\"name\":\"Wasteless Group\",\"url\":\"https:\/\/wasteless-group.com\/es\/\",\"logo\":{\"@type\":\"ImageObject\",\"inLanguage\":\"es\",\"@id\":\"https:\/\/wasteless-group.com\/es\/#\/schema\/logo\/image\/\",\"url\":\"https:\/\/wasteless-group.com\/wp-content\/uploads\/2023\/07\/Logo-WG-Vert.png\",\"contentUrl\":\"https:\/\/wasteless-group.com\/wp-content\/uploads\/2023\/07\/Logo-WG-Vert.png\",\"width\":400,\"height\":138,\"caption\":\"Wasteless Group\"},\"image\":{\"@id\":\"https:\/\/wasteless-group.com\/es\/#\/schema\/logo\/image\/\"},\"sameAs\":[\"https:\/\/www.linkedin.com\/company\/wasteless-group\/\"]}]}<\/script>\n<!-- \/ Yoast SEO plugin. -->","yoast_head_json":{"title":"Pol\u00edtica de confidencialidad - Wasteless Group, votre fabricant et fournisseur de produits sur mesure plus \u00e9cologiques","robots":{"index":"index","follow":"follow","max-snippet":"max-snippet:-1","max-image-preview":"max-image-preview:large","max-video-preview":"max-video-preview:-1"},"canonical":"https:\/\/wasteless-group.com\/es\/politica-de-confidencialidad\/","og_locale":"es_ES","og_type":"article","og_title":"Pol\u00edtica de confidencialidad - Wasteless Group, votre fabricant et fournisseur de produits sur mesure plus \u00e9cologiques","og_description":"Usando el sitio web accesible en http:\/\/wasseless-group.com\/, usted, usuarios y visitantes del sitio, acepte la recopilaci\u00f3n y el uso de sus datos personales (en adelante, \u00abdatos personales\u00bb) en las condiciones descritas en esta Pol\u00edtica de privacidad ( En lo sucesivo, la \u00abPol\u00edtica de privacidad\u00bb).La Pol\u00edtica de privacidad describe el procesamiento de los datos personales implementados &hellip; Pol\u00edtica de confidencialidad Leer m\u00e1s &raquo;","og_url":"https:\/\/wasteless-group.com\/es\/politica-de-confidencialidad\/","og_site_name":"Wasteless Group, votre fabricant et fournisseur de produits sur mesure plus \u00e9cologiques","article_modified_time":"2023-09-11T14:53:27+00:00","twitter_card":"summary_large_image","twitter_misc":{"Tiempo de lectura":"6 minutos"},"schema":{"@context":"https:\/\/schema.org","@graph":[{"@type":"WebPage","@id":"https:\/\/wasteless-group.com\/es\/politica-de-confidencialidad\/","url":"https:\/\/wasteless-group.com\/es\/politica-de-confidencialidad\/","name":"Pol\u00edtica de confidencialidad - Wasteless Group, votre fabricant et fournisseur de produits sur mesure plus \u00e9cologiques","isPartOf":{"@id":"https:\/\/wasteless-group.com\/es\/#website"},"datePublished":"2020-11-27T08:53:27+00:00","dateModified":"2023-09-11T14:53:27+00:00","breadcrumb":{"@id":"https:\/\/wasteless-group.com\/es\/politica-de-confidencialidad\/#breadcrumb"},"inLanguage":"es","potentialAction":[{"@type":"ReadAction","target":["https:\/\/wasteless-group.com\/es\/politica-de-confidencialidad\/"]}]},{"@type":"BreadcrumbList","@id":"https:\/\/wasteless-group.com\/es\/politica-de-confidencialidad\/#breadcrumb","itemListElement":[{"@type":"ListItem","position":1,"name":"Accueil","item":"https:\/\/wasteless-group.com\/es\/"},{"@type":"ListItem","position":2,"name":"Pol\u00edtica de confidencialidad"}]},{"@type":"WebSite","@id":"https:\/\/wasteless-group.com\/es\/#website","url":"https:\/\/wasteless-group.com\/es\/","name":"Wasteless Group","description":"Wasteless Group, votre fabricant et fournisseur de produits sur mesure plus \u00e9cologiques","publisher":{"@id":"https:\/\/wasteless-group.com\/es\/#organization"},"potentialAction":[{"@type":"SearchAction","target":{"@type":"EntryPoint","urlTemplate":"https:\/\/wasteless-group.com\/es\/?s={search_term_string}"},"query-input":{"@type":"PropertyValueSpecification","valueRequired":true,"valueName":"search_term_string"}}],"inLanguage":"es"},{"@type":"Organization","@id":"https:\/\/wasteless-group.com\/es\/#organization","name":"Wasteless Group","url":"https:\/\/wasteless-group.com\/es\/","logo":{"@type":"ImageObject","inLanguage":"es","@id":"https:\/\/wasteless-group.com\/es\/#\/schema\/logo\/image\/","url":"https:\/\/wasteless-group.com\/wp-content\/uploads\/2023\/07\/Logo-WG-Vert.png","contentUrl":"https:\/\/wasteless-group.com\/wp-content\/uploads\/2023\/07\/Logo-WG-Vert.png","width":400,"height":138,"caption":"Wasteless Group"},"image":{"@id":"https:\/\/wasteless-group.com\/es\/#\/schema\/logo\/image\/"},"sameAs":["https:\/\/www.linkedin.com\/company\/wasteless-group\/"]}]}},"_links":{"self":[{"href":"https:\/\/wasteless-group.com\/es\/wp-json\/wp\/v2\/pages\/2567","targetHints":{"allow":["GET"]}}],"collection":[{"href":"https:\/\/wasteless-group.com\/es\/wp-json\/wp\/v2\/pages"}],"about":[{"href":"https:\/\/wasteless-group.com\/es\/wp-json\/wp\/v2\/types\/page"}],"author":[{"embeddable":true,"href":"https:\/\/wasteless-group.com\/es\/wp-json\/wp\/v2\/users\/1"}],"replies":[{"embeddable":true,"href":"https:\/\/wasteless-group.com\/es\/wp-json\/wp\/v2\/comments?post=2567"}],"version-history":[{"count":0,"href":"https:\/\/wasteless-group.com\/es\/wp-json\/wp\/v2\/pages\/2567\/revisions"}],"wp:attachment":[{"href":"https:\/\/wasteless-group.com\/es\/wp-json\/wp\/v2\/media?parent=2567"}],"curies":[{"name":"wp","href":"https:\/\/api.w.org\/{rel}","templated":true}]}}